{"id":36,"date":"2024-09-04T22:07:47","date_gmt":"2024-09-04T20:07:47","guid":{"rendered":"http:\/\/www2.fhbaits.com\/?page_id=36"},"modified":"2025-01-13T16:51:59","modified_gmt":"2025-01-13T15:51:59","slug":"acceuil-2","status":"publish","type":"page","link":"https:\/\/www.fhbaits.fr\/","title":{"rendered":"Pr\u00e9sentation"},"content":{"rendered":"\n<h1 class=\"wp-block-heading\">Pr\u00e9sentation FH Baits<\/h1>\n\n\n\n<p>Soci\u00e9t\u00e9 Mayennaise cr\u00e9\u00e9e en mars 2007 par Franck Martel,<em><strong>FH Baits<\/strong><\/em>&nbsp;s&rsquo;est sp\u00e9cialis\u00e9 dans la vente de bouillettes fraiches et app\u00e2ts pour la carpe (<a href=\"https:\/\/web.archive.org\/web\/20240420110243\/http:\/\/www.fhbaits.fr\/pellets\">pellets<\/a>,&nbsp;<a href=\"https:\/\/web.archive.org\/web\/20240420110243\/http:\/\/www.fhbaits.fr\/graines\">tiger nuts<\/a>&nbsp;&#8230;) par correspondance.<\/p>\n\n\n\n<p><em><strong>Caract\u00e9ristiques de nos produits :<\/strong><\/em><\/p>\n\n\n\n<ul class=\"wp-block-list\">\n<li>Farines fra\u00eeches de grande qualit\u00e9<\/li>\n\n\n\n<li>Aucun conservateurs artificiels<\/li>\n\n\n\n<li>Cuisson vapeur<\/li>\n\n\n\n<li>Emballage sous vide d&rsquo;air (ou classique)<\/li>\n\n\n\n<li><a href=\"https:\/\/web.archive.org\/web\/20240420110243\/http:\/\/www.fhbaits.fr\/tarifs\/expeditions\">Frais de port offerts<\/a>&nbsp;\u00e0 partir de 400\u20ac de&nbsp;bouillettes<\/li>\n<\/ul>\n\n\n\n<p>Les commandes s&rsquo;effectuent par mails ou par t\u00e9l\u00e9phone (du lundi au samedi midi), n&rsquo;h\u00e9sitez pas \u00e0 nous poser toutes vos questions, nous y r\u00e9pondrons avec la plus grande attention.<\/p>\n\n\n\n<p>Les paiements s&rsquo;effectuent par ch\u00e8que \u00e0 l&rsquo;ordre de&nbsp;<em><strong>FH Baits<\/strong><\/em>.<\/p>\n\n\n\n<p><a href=\"https:\/\/web.archive.org\/web\/20240420110243\/http:\/\/www.fhbaits.fr\/component\/contact\/1\">Contactez-nous<\/a><\/p>\n","protected":false},"excerpt":{"rendered":"<p>Pr\u00e9sentation FH Baits Soci\u00e9t\u00e9 Mayennaise cr\u00e9\u00e9e en mars 2007 par Franck Martel,FH Baits&nbsp;s&rsquo;est sp\u00e9cialis\u00e9 dans la vente de bouillettes fraiches et app\u00e2ts pour la carpe &hellip;<\/p>\n","protected":false},"author":1,"featured_media":109,"parent":0,"menu_order":0,"comment_status":"closed","ping_status":"closed","template":"","meta":{"footnotes":""},"class_list":["post-36","page","type-page","status-publish","has-post-thumbnail","hentry"],"yoast_head":"<!-- This site is optimized with the Yoast SEO plugin v27.4 - https:\/\/yoast.com\/product\/yoast-seo-wordpress\/ -->\n<title>Acceuil - FH Baits<\/title>\n<meta name=\"description\" content=\"FH Baits\u00a0sp\u00e9cialiste dans la vente de bouillettes fraiches et app\u00e2ts pour la carpe (pellets,\u00a0tiger nuts\u00a0...) par correspondance.\" \/>\n<meta name=\"robots\" content=\"index, follow, max-snippet:-1, max-image-preview:large, max-video-preview:-1\" \/>\n<link rel=\"canonical\" href=\"http:\/\/www.fhbaits.fr\/\" \/>\n<meta property=\"og:locale\" content=\"fr_FR\" \/>\n<meta property=\"og:type\" content=\"article\" \/>\n<meta property=\"og:title\" content=\"Acceuil - FH Baits\" \/>\n<meta property=\"og:description\" content=\"FH Baits\u00a0sp\u00e9cialiste dans la vente de bouillettes fraiches et app\u00e2ts pour la carpe (pellets,\u00a0tiger nuts\u00a0...) par correspondance.\" \/>\n<meta property=\"og:url\" content=\"http:\/\/www.fhbaits.fr\/\" \/>\n<meta property=\"og:site_name\" content=\"FH Baits\" \/>\n<meta property=\"article:publisher\" content=\"https:\/\/www.facebook.com\/p\/Fhbaits-100069343946951\/?locale=fr_FR\" \/>\n<meta property=\"article:modified_time\" content=\"2025-01-13T15:51:59+00:00\" \/>\n<meta property=\"og:image\" content=\"http:\/\/www.fhbaits.fr\/wp-content\/uploads\/2024\/09\/cropped-FHBaits.png\" \/>\n\t<meta property=\"og:image:width\" content=\"90\" \/>\n\t<meta property=\"og:image:height\" content=\"90\" \/>\n\t<meta property=\"og:image:type\" content=\"image\/png\" \/>\n<meta name=\"twitter:card\" content=\"summary_large_image\" \/>\n<meta name=\"twitter:label1\" content=\"Dur\u00e9e de lecture estim\u00e9e\" \/>\n\t<meta name=\"twitter:data1\" content=\"1 minute\" \/>\n<script type=\"application\/ld+json\" class=\"yoast-schema-graph\">{\"@context\":\"https:\\\/\\\/schema.org\",\"@graph\":[{\"@type\":\"Article\",\"@id\":\"http:\\\/\\\/www.fhbaits.fr\\\/#article\",\"isPartOf\":{\"@id\":\"http:\\\/\\\/www.fhbaits.fr\\\/\"},\"author\":{\"name\":\"admin\",\"@id\":\"http:\\\/\\\/www.fhbaits.fr\\\/#\\\/schema\\\/person\\\/5411da7fa43c72cd6281208146b87e05\"},\"headline\":\"Pr\u00e9sentation\",\"datePublished\":\"2024-09-04T20:07:47+00:00\",\"dateModified\":\"2025-01-13T15:51:59+00:00\",\"mainEntityOfPage\":{\"@id\":\"http:\\\/\\\/www.fhbaits.fr\\\/\"},\"wordCount\":123,\"publisher\":{\"@id\":\"http:\\\/\\\/www.fhbaits.fr\\\/#organization\"},\"image\":{\"@id\":\"http:\\\/\\\/www.fhbaits.fr\\\/#primaryimage\"},\"thumbnailUrl\":\"https:\\\/\\\/www.fhbaits.fr\\\/wp-content\\\/uploads\\\/2024\\\/09\\\/cropped-FHBaits.png\",\"inLanguage\":\"fr-FR\"},{\"@type\":[\"WebPage\",\"CollectionPage\"],\"@id\":\"http:\\\/\\\/www.fhbaits.fr\\\/\",\"url\":\"http:\\\/\\\/www.fhbaits.fr\\\/\",\"name\":\"Acceuil - FH Baits\",\"isPartOf\":{\"@id\":\"http:\\\/\\\/www.fhbaits.fr\\\/#website\"},\"primaryImageOfPage\":{\"@id\":\"http:\\\/\\\/www.fhbaits.fr\\\/#primaryimage\"},\"image\":{\"@id\":\"http:\\\/\\\/www.fhbaits.fr\\\/#primaryimage\"},\"thumbnailUrl\":\"https:\\\/\\\/www.fhbaits.fr\\\/wp-content\\\/uploads\\\/2024\\\/09\\\/cropped-FHBaits.png\",\"datePublished\":\"2024-09-04T20:07:47+00:00\",\"dateModified\":\"2025-01-13T15:51:59+00:00\",\"description\":\"FH Baits\u00a0sp\u00e9cialiste dans la vente de bouillettes fraiches et app\u00e2ts pour la carpe (pellets,\u00a0tiger nuts\u00a0...) par correspondance.\",\"breadcrumb\":{\"@id\":\"http:\\\/\\\/www.fhbaits.fr\\\/#breadcrumb\"},\"inLanguage\":\"fr-FR\"},{\"@type\":\"ImageObject\",\"inLanguage\":\"fr-FR\",\"@id\":\"http:\\\/\\\/www.fhbaits.fr\\\/#primaryimage\",\"url\":\"https:\\\/\\\/www.fhbaits.fr\\\/wp-content\\\/uploads\\\/2024\\\/09\\\/cropped-FHBaits.png\",\"contentUrl\":\"https:\\\/\\\/www.fhbaits.fr\\\/wp-content\\\/uploads\\\/2024\\\/09\\\/cropped-FHBaits.png\",\"width\":90,\"height\":90},{\"@type\":\"BreadcrumbList\",\"@id\":\"http:\\\/\\\/www.fhbaits.fr\\\/#breadcrumb\",\"itemListElement\":[{\"@type\":\"ListItem\",\"position\":1,\"name\":\"Accueil\",\"item\":\"http:\\\/\\\/www.fhbaits.fr\\\/\"},{\"@type\":\"ListItem\",\"position\":2,\"name\":\"Pr\u00e9sentation\"}]},{\"@type\":\"WebSite\",\"@id\":\"http:\\\/\\\/www.fhbaits.fr\\\/#website\",\"url\":\"http:\\\/\\\/www.fhbaits.fr\\\/\",\"name\":\"FH Baits\",\"description\":\"Ventes de bouillettes fra\u00eeches par correspondance\",\"publisher\":{\"@id\":\"http:\\\/\\\/www.fhbaits.fr\\\/#organization\"},\"potentialAction\":[{\"@type\":\"SearchAction\",\"target\":{\"@type\":\"EntryPoint\",\"urlTemplate\":\"http:\\\/\\\/www.fhbaits.fr\\\/?s={search_term_string}\"},\"query-input\":{\"@type\":\"PropertyValueSpecification\",\"valueRequired\":true,\"valueName\":\"search_term_string\"}}],\"inLanguage\":\"fr-FR\"},{\"@type\":\"Organization\",\"@id\":\"http:\\\/\\\/www.fhbaits.fr\\\/#organization\",\"name\":\"FH Baits\",\"url\":\"http:\\\/\\\/www.fhbaits.fr\\\/\",\"logo\":{\"@type\":\"ImageObject\",\"inLanguage\":\"fr-FR\",\"@id\":\"http:\\\/\\\/www.fhbaits.fr\\\/#\\\/schema\\\/logo\\\/image\\\/\",\"url\":\"https:\\\/\\\/www.fhbaits.fr\\\/wp-content\\\/uploads\\\/2024\\\/09\\\/cropped-FHBaits.png\",\"contentUrl\":\"https:\\\/\\\/www.fhbaits.fr\\\/wp-content\\\/uploads\\\/2024\\\/09\\\/cropped-FHBaits.png\",\"width\":90,\"height\":90,\"caption\":\"FH Baits\"},\"image\":{\"@id\":\"http:\\\/\\\/www.fhbaits.fr\\\/#\\\/schema\\\/logo\\\/image\\\/\"},\"sameAs\":[\"https:\\\/\\\/www.facebook.com\\\/p\\\/Fhbaits-100069343946951\\\/?locale=fr_FR\"]},{\"@type\":\"Person\",\"@id\":\"http:\\\/\\\/www.fhbaits.fr\\\/#\\\/schema\\\/person\\\/5411da7fa43c72cd6281208146b87e05\",\"name\":\"admin\",\"image\":{\"@type\":\"ImageObject\",\"inLanguage\":\"fr-FR\",\"@id\":\"https:\\\/\\\/secure.gravatar.com\\\/avatar\\\/03f740cad3ab6e0e6bef9d6d64e73d00019b60e2561da34ff6e375ca6526c925?s=96&d=mm&r=g\",\"url\":\"https:\\\/\\\/secure.gravatar.com\\\/avatar\\\/03f740cad3ab6e0e6bef9d6d64e73d00019b60e2561da34ff6e375ca6526c925?s=96&d=mm&r=g\",\"contentUrl\":\"https:\\\/\\\/secure.gravatar.com\\\/avatar\\\/03f740cad3ab6e0e6bef9d6d64e73d00019b60e2561da34ff6e375ca6526c925?s=96&d=mm&r=g\",\"caption\":\"admin\"},\"sameAs\":[\"http:\\\/\\\/www.fhbaits.fr\"],\"url\":\"https:\\\/\\\/www.fhbaits.fr\\\/index.php\\\/author\\\/admin\\\/\"}]}<\/script>\n<!-- \/ Yoast SEO plugin. -->","yoast_head_json":{"title":"Acceuil - FH Baits","description":"FH Baits\u00a0sp\u00e9cialiste dans la vente de bouillettes fraiches et app\u00e2ts pour la carpe (pellets,\u00a0tiger nuts\u00a0...) par correspondance.","robots":{"index":"index","follow":"follow","max-snippet":"max-snippet:-1","max-image-preview":"max-image-preview:large","max-video-preview":"max-video-preview:-1"},"canonical":"http:\/\/www.fhbaits.fr\/","og_locale":"fr_FR","og_type":"article","og_title":"Acceuil - FH Baits","og_description":"FH Baits\u00a0sp\u00e9cialiste dans la vente de bouillettes fraiches et app\u00e2ts pour la carpe (pellets,\u00a0tiger nuts\u00a0...) par correspondance.","og_url":"http:\/\/www.fhbaits.fr\/","og_site_name":"FH Baits","article_publisher":"https:\/\/www.facebook.com\/p\/Fhbaits-100069343946951\/?locale=fr_FR","article_modified_time":"2025-01-13T15:51:59+00:00","og_image":[{"width":90,"height":90,"url":"http:\/\/www.fhbaits.fr\/wp-content\/uploads\/2024\/09\/cropped-FHBaits.png","type":"image\/png"}],"twitter_card":"summary_large_image","twitter_misc":{"Dur\u00e9e de lecture estim\u00e9e":"1 minute"},"schema":{"@context":"https:\/\/schema.org","@graph":[{"@type":"Article","@id":"http:\/\/www.fhbaits.fr\/#article","isPartOf":{"@id":"http:\/\/www.fhbaits.fr\/"},"author":{"name":"admin","@id":"http:\/\/www.fhbaits.fr\/#\/schema\/person\/5411da7fa43c72cd6281208146b87e05"},"headline":"Pr\u00e9sentation","datePublished":"2024-09-04T20:07:47+00:00","dateModified":"2025-01-13T15:51:59+00:00","mainEntityOfPage":{"@id":"http:\/\/www.fhbaits.fr\/"},"wordCount":123,"publisher":{"@id":"http:\/\/www.fhbaits.fr\/#organization"},"image":{"@id":"http:\/\/www.fhbaits.fr\/#primaryimage"},"thumbnailUrl":"https:\/\/www.fhbaits.fr\/wp-content\/uploads\/2024\/09\/cropped-FHBaits.png","inLanguage":"fr-FR"},{"@type":["WebPage","CollectionPage"],"@id":"http:\/\/www.fhbaits.fr\/","url":"http:\/\/www.fhbaits.fr\/","name":"Acceuil - FH Baits","isPartOf":{"@id":"http:\/\/www.fhbaits.fr\/#website"},"primaryImageOfPage":{"@id":"http:\/\/www.fhbaits.fr\/#primaryimage"},"image":{"@id":"http:\/\/www.fhbaits.fr\/#primaryimage"},"thumbnailUrl":"https:\/\/www.fhbaits.fr\/wp-content\/uploads\/2024\/09\/cropped-FHBaits.png","datePublished":"2024-09-04T20:07:47+00:00","dateModified":"2025-01-13T15:51:59+00:00","description":"FH Baits\u00a0sp\u00e9cialiste dans la vente de bouillettes fraiches et app\u00e2ts pour la carpe (pellets,\u00a0tiger nuts\u00a0...) par correspondance.","breadcrumb":{"@id":"http:\/\/www.fhbaits.fr\/#breadcrumb"},"inLanguage":"fr-FR"},{"@type":"ImageObject","inLanguage":"fr-FR","@id":"http:\/\/www.fhbaits.fr\/#primaryimage","url":"https:\/\/www.fhbaits.fr\/wp-content\/uploads\/2024\/09\/cropped-FHBaits.png","contentUrl":"https:\/\/www.fhbaits.fr\/wp-content\/uploads\/2024\/09\/cropped-FHBaits.png","width":90,"height":90},{"@type":"BreadcrumbList","@id":"http:\/\/www.fhbaits.fr\/#breadcrumb","itemListElement":[{"@type":"ListItem","position":1,"name":"Accueil","item":"http:\/\/www.fhbaits.fr\/"},{"@type":"ListItem","position":2,"name":"Pr\u00e9sentation"}]},{"@type":"WebSite","@id":"http:\/\/www.fhbaits.fr\/#website","url":"http:\/\/www.fhbaits.fr\/","name":"FH Baits","description":"Ventes de bouillettes fra\u00eeches par correspondance","publisher":{"@id":"http:\/\/www.fhbaits.fr\/#organization"},"potentialAction":[{"@type":"SearchAction","target":{"@type":"EntryPoint","urlTemplate":"http:\/\/www.fhbaits.fr\/?s={search_term_string}"},"query-input":{"@type":"PropertyValueSpecification","valueRequired":true,"valueName":"search_term_string"}}],"inLanguage":"fr-FR"},{"@type":"Organization","@id":"http:\/\/www.fhbaits.fr\/#organization","name":"FH Baits","url":"http:\/\/www.fhbaits.fr\/","logo":{"@type":"ImageObject","inLanguage":"fr-FR","@id":"http:\/\/www.fhbaits.fr\/#\/schema\/logo\/image\/","url":"https:\/\/www.fhbaits.fr\/wp-content\/uploads\/2024\/09\/cropped-FHBaits.png","contentUrl":"https:\/\/www.fhbaits.fr\/wp-content\/uploads\/2024\/09\/cropped-FHBaits.png","width":90,"height":90,"caption":"FH Baits"},"image":{"@id":"http:\/\/www.fhbaits.fr\/#\/schema\/logo\/image\/"},"sameAs":["https:\/\/www.facebook.com\/p\/Fhbaits-100069343946951\/?locale=fr_FR"]},{"@type":"Person","@id":"http:\/\/www.fhbaits.fr\/#\/schema\/person\/5411da7fa43c72cd6281208146b87e05","name":"admin","image":{"@type":"ImageObject","inLanguage":"fr-FR","@id":"https:\/\/secure.gravatar.com\/avatar\/03f740cad3ab6e0e6bef9d6d64e73d00019b60e2561da34ff6e375ca6526c925?s=96&d=mm&r=g","url":"https:\/\/secure.gravatar.com\/avatar\/03f740cad3ab6e0e6bef9d6d64e73d00019b60e2561da34ff6e375ca6526c925?s=96&d=mm&r=g","contentUrl":"https:\/\/secure.gravatar.com\/avatar\/03f740cad3ab6e0e6bef9d6d64e73d00019b60e2561da34ff6e375ca6526c925?s=96&d=mm&r=g","caption":"admin"},"sameAs":["http:\/\/www.fhbaits.fr"],"url":"https:\/\/www.fhbaits.fr\/index.php\/author\/admin\/"}]}},"_links":{"self":[{"href":"https:\/\/www.fhbaits.fr\/index.php\/wp-json\/wp\/v2\/pages\/36","targetHints":{"allow":["GET"]}}],"collection":[{"href":"https:\/\/www.fhbaits.fr\/index.php\/wp-json\/wp\/v2\/pages"}],"about":[{"href":"https:\/\/www.fhbaits.fr\/index.php\/wp-json\/wp\/v2\/types\/page"}],"author":[{"embeddable":true,"href":"https:\/\/www.fhbaits.fr\/index.php\/wp-json\/wp\/v2\/users\/1"}],"replies":[{"embeddable":true,"href":"https:\/\/www.fhbaits.fr\/index.php\/wp-json\/wp\/v2\/comments?post=36"}],"version-history":[{"count":2,"href":"https:\/\/www.fhbaits.fr\/index.php\/wp-json\/wp\/v2\/pages\/36\/revisions"}],"predecessor-version":[{"id":97,"href":"https:\/\/www.fhbaits.fr\/index.php\/wp-json\/wp\/v2\/pages\/36\/revisions\/97"}],"wp:featuredmedia":[{"embeddable":true,"href":"https:\/\/www.fhbaits.fr\/index.php\/wp-json\/wp\/v2\/media\/109"}],"wp:attachment":[{"href":"https:\/\/www.fhbaits.fr\/index.php\/wp-json\/wp\/v2\/media?parent=36"}],"curies":[{"name":"wp","href":"https:\/\/api.w.org\/{rel}","templated":true}]}}