{"id":45,"date":"2024-09-04T22:27:36","date_gmt":"2024-09-04T20:27:36","guid":{"rendered":"http:\/\/www2.fhbaits.com\/?page_id=45"},"modified":"2026-03-09T10:59:32","modified_gmt":"2026-03-09T09:59:32","slug":"acceuil","status":"publish","type":"page","link":"http:\/\/www.fhbaits.fr\/index.php\/acceuil\/","title":{"rendered":"Accueil"},"content":{"rendered":"\t\t<div data-elementor-type=\"wp-page\" data-elementor-id=\"45\" class=\"elementor elementor-45\">\n\t\t\t\t<div class=\"elementor-element elementor-element-f515eb4 e-con-full e-flex e-con e-parent\" data-id=\"f515eb4\" data-element_type=\"container\" data-e-type=\"container\">\n\t\t\t\t<div class=\"elementor-element elementor-element-e5b903c elementor-widget elementor-widget-text-editor\" data-id=\"e5b903c\" data-element_type=\"widget\" data-e-type=\"widget\" data-widget_type=\"text-editor.default\">\n\t\t\t\t<div class=\"elementor-widget-container\">\n\t\t\t\t\t\t\t\t\t<p style=\"text-align: center;\">Soci\u00e9t\u00e9 Mayennaise cr\u00e9\u00e9e en mars 2007 par Franck Martel,<strong><em>\u00a0<\/em><\/strong><em><strong>FH Baits<\/strong><\/em>\u00a0s&rsquo;est sp\u00e9cialis\u00e9e dans la vente de bouillettes fraiches et app\u00e2ts pour la carpe (pellets,\u00a0tiger nuts\u00a0&#8230;) par correspondance.<\/p>\n<h5 style=\"text-align: center;\"><em><strong>Caract\u00e9ristiques de nos produits :<\/strong><\/em><\/h5>\n<ul>\n<li>Bouillettes aux oeufs<\/li>\n<li>Farines fra\u00eeches de grande qualit\u00e9<\/li>\n<li>Aucun conservateurs artificiels<\/li>\n<li style=\"text-align: left;\">Cuisson vapeur<\/li>\n<li>Emballage sous vide d&rsquo;air (ou classique)<\/li>\n<\/ul>\n<p>Frais de port offerts\u00a0\u00e0 partir de 400\u20ac de\u00a0bouillettes\u00a0<\/p>\n<p style=\"text-align: center;\">Les commandes s&rsquo;effectuent par mails ou par t\u00e9l\u00e9phone (du lundi au samedi midi), n&rsquo;h\u00e9sitez pas \u00e0 nous poser toutes vos questions, nous y r\u00e9pondrons avec la plus grande attention.<\/p>\n<p style=\"text-align: center;\">Les paiements s&rsquo;effectuent par ch\u00e8ques \u00e0 l&rsquo;ordre de\u00a0<em><strong>FH Baits<\/strong><\/em>.<\/p>\n<p style=\"text-align: center;\"><em><strong>Retrouvez notre actualit\u00e9 sur Facebook !<\/strong><\/em><\/p>\t\t\t\t\t\t\t\t<\/div>\n\t\t\t\t<\/div>\n\t\t\t\t<\/div>\n\t\t<div class=\"elementor-element elementor-element-d90c0d0 e-grid e-con-boxed e-con e-parent\" data-id=\"d90c0d0\" data-element_type=\"container\" data-e-type=\"container\">\n\t\t\t\t\t<div class=\"e-con-inner\">\n\t\t\t\t<div class=\"elementor-element elementor-element-f79c1f1 elementor-widget elementor-widget-spacer\" data-id=\"f79c1f1\" data-element_type=\"widget\" data-e-type=\"widget\" data-widget_type=\"spacer.default\">\n\t\t\t\t<div class=\"elementor-widget-container\">\n\t\t\t\t\t\t\t<div class=\"elementor-spacer\">\n\t\t\t<div class=\"elementor-spacer-inner\"><\/div>\n\t\t<\/div>\n\t\t\t\t\t\t<\/div>\n\t\t\t\t<\/div>\n\t\t\t\t<div class=\"elementor-element elementor-element-e6a460c elementor-widget elementor-widget-image\" data-id=\"e6a460c\" data-element_type=\"widget\" data-e-type=\"widget\" data-widget_type=\"image.default\">\n\t\t\t\t<div class=\"elementor-widget-container\">\n\t\t\t\t\t\t\t\t\t\t\t\t\t\t\t<img fetchpriority=\"high\" decoding=\"async\" width=\"403\" height=\"265\" src=\"http:\/\/www.fhbaits.fr\/wp-content\/uploads\/2024\/09\/nos-bou.jpg\" class=\"attachment-medium_large size-medium_large wp-image-53\" alt=\"Bouillettes-fraiches appat-carpe- sous vides\" srcset=\"http:\/\/www.fhbaits.fr\/wp-content\/uploads\/2024\/09\/nos-bou.jpg 403w, http:\/\/www.fhbaits.fr\/wp-content\/uploads\/2024\/09\/nos-bou-300x197.jpg 300w\" sizes=\"(max-width: 403px) 100vw, 403px\" \/>\t\t\t\t\t\t\t\t\t\t\t\t\t\t\t<\/div>\n\t\t\t\t<\/div>\n\t\t\t\t<div class=\"elementor-element elementor-element-b08f94b elementor-widget elementor-widget-spacer\" data-id=\"b08f94b\" data-element_type=\"widget\" data-e-type=\"widget\" data-widget_type=\"spacer.default\">\n\t\t\t\t<div class=\"elementor-widget-container\">\n\t\t\t\t\t\t\t<div class=\"elementor-spacer\">\n\t\t\t<div class=\"elementor-spacer-inner\"><\/div>\n\t\t<\/div>\n\t\t\t\t\t\t<\/div>\n\t\t\t\t<\/div>\n\t\t\t\t<div class=\"elementor-element elementor-element-603680d elementor-widget elementor-widget-spacer\" data-id=\"603680d\" data-element_type=\"widget\" data-e-type=\"widget\" data-widget_type=\"spacer.default\">\n\t\t\t\t<div class=\"elementor-widget-container\">\n\t\t\t\t\t\t\t<div class=\"elementor-spacer\">\n\t\t\t<div class=\"elementor-spacer-inner\"><\/div>\n\t\t<\/div>\n\t\t\t\t\t\t<\/div>\n\t\t\t\t<\/div>\n\t\t\t\t<div class=\"elementor-element elementor-element-73dac16 elementor-widget elementor-widget-text-editor\" data-id=\"73dac16\" data-element_type=\"widget\" data-e-type=\"widget\" data-widget_type=\"text-editor.default\">\n\t\t\t\t<div class=\"elementor-widget-container\">\n\t\t\t\t\t\t\t\t\t<p style=\"text-align: center;\">Tags: \u00a0\u00a0Appats Carpe \u00a0 \u00a0Bouillette<\/p>\t\t\t\t\t\t\t\t<\/div>\n\t\t\t\t<\/div>\n\t\t\t\t<div class=\"elementor-element elementor-element-6c65373 elementor-widget elementor-widget-spacer\" data-id=\"6c65373\" data-element_type=\"widget\" data-e-type=\"widget\" data-widget_type=\"spacer.default\">\n\t\t\t\t<div class=\"elementor-widget-container\">\n\t\t\t\t\t\t\t<div class=\"elementor-spacer\">\n\t\t\t<div class=\"elementor-spacer-inner\"><\/div>\n\t\t<\/div>\n\t\t\t\t\t\t<\/div>\n\t\t\t\t<\/div>\n\t\t\t\t\t<\/div>\n\t\t\t\t<\/div>\n\t\t<div class=\"elementor-element elementor-element-ff3469b e-grid e-con-boxed e-con e-parent\" data-id=\"ff3469b\" data-element_type=\"container\" data-e-type=\"container\">\n\t\t\t\t\t<div class=\"e-con-inner\">\n\t\t\t\t<div class=\"elementor-element elementor-element-3ed8eb3 elementor-widget elementor-widget-spacer\" data-id=\"3ed8eb3\" data-element_type=\"widget\" data-e-type=\"widget\" data-widget_type=\"spacer.default\">\n\t\t\t\t<div class=\"elementor-widget-container\">\n\t\t\t\t\t\t\t<div class=\"elementor-spacer\">\n\t\t\t<div class=\"elementor-spacer-inner\"><\/div>\n\t\t<\/div>\n\t\t\t\t\t\t<\/div>\n\t\t\t\t<\/div>\n\t\t\t\t\t<\/div>\n\t\t\t\t<\/div>\n\t\t\t\t<\/div>\n\t\t","protected":false},"excerpt":{"rendered":"<p>Soci\u00e9t\u00e9 Mayennaise cr\u00e9\u00e9e en mars 2007 par Franck Martel,\u00a0FH Baits\u00a0s&rsquo;est sp\u00e9cialis\u00e9e dans la vente de bouillettes fraiches et app\u00e2ts pour la carpe (pellets,\u00a0tiger nuts\u00a0&#8230;) par &hellip;<\/p>\n","protected":false},"author":1,"featured_media":0,"parent":0,"menu_order":0,"comment_status":"closed","ping_status":"closed","template":"","meta":{"footnotes":""},"class_list":["post-45","page","type-page","status-publish","hentry"],"yoast_head":"<!-- This site is optimized with the Yoast SEO plugin v27.5 - https:\/\/yoast.com\/product\/yoast-seo-wordpress\/ -->\n<title>Accueil - FH Baits<\/title>\n<meta name=\"robots\" content=\"index, follow, max-snippet:-1, max-image-preview:large, max-video-preview:-1\" \/>\n<link rel=\"canonical\" href=\"http:\/\/www.fhbaits.fr\/index.php\/acceuil\/\" \/>\n<meta property=\"og:locale\" content=\"fr_FR\" \/>\n<meta property=\"og:type\" content=\"article\" \/>\n<meta property=\"og:title\" content=\"Accueil - FH Baits\" \/>\n<meta property=\"og:description\" content=\"Soci\u00e9t\u00e9 Mayennaise cr\u00e9\u00e9e en mars 2007 par Franck Martel,\u00a0FH Baits\u00a0s&rsquo;est sp\u00e9cialis\u00e9e dans la vente de bouillettes fraiches et app\u00e2ts pour la carpe (pellets,\u00a0tiger nuts\u00a0&#8230;) par &hellip;\" \/>\n<meta property=\"og:url\" content=\"http:\/\/www.fhbaits.fr\/index.php\/acceuil\/\" \/>\n<meta property=\"og:site_name\" content=\"FH Baits\" \/>\n<meta property=\"article:publisher\" content=\"https:\/\/www.facebook.com\/p\/Fhbaits-100069343946951\/?locale=fr_FR\" \/>\n<meta property=\"article:modified_time\" content=\"2026-03-09T09:59:32+00:00\" \/>\n<meta property=\"og:image\" content=\"http:\/\/www.fhbaits.fr\/wp-content\/uploads\/2024\/09\/nos-bou.jpg\" \/>\n<meta name=\"twitter:card\" content=\"summary_large_image\" \/>\n<meta name=\"twitter:label1\" content=\"Dur\u00e9e de lecture estim\u00e9e\" \/>\n\t<meta name=\"twitter:data1\" content=\"1 minute\" \/>\n<script type=\"application\/ld+json\" class=\"yoast-schema-graph\">{\"@context\":\"https:\\\/\\\/schema.org\",\"@graph\":[{\"@type\":\"WebPage\",\"@id\":\"http:\\\/\\\/www.fhbaits.fr\\\/index.php\\\/acceuil\\\/\",\"url\":\"http:\\\/\\\/www.fhbaits.fr\\\/index.php\\\/acceuil\\\/\",\"name\":\"Accueil - FH Baits\",\"isPartOf\":{\"@id\":\"http:\\\/\\\/www.fhbaits.fr\\\/#website\"},\"primaryImageOfPage\":{\"@id\":\"http:\\\/\\\/www.fhbaits.fr\\\/index.php\\\/acceuil\\\/#primaryimage\"},\"image\":{\"@id\":\"http:\\\/\\\/www.fhbaits.fr\\\/index.php\\\/acceuil\\\/#primaryimage\"},\"thumbnailUrl\":\"http:\\\/\\\/www.fhbaits.fr\\\/wp-content\\\/uploads\\\/2024\\\/09\\\/nos-bou.jpg\",\"datePublished\":\"2024-09-04T20:27:36+00:00\",\"dateModified\":\"2026-03-09T09:59:32+00:00\",\"breadcrumb\":{\"@id\":\"http:\\\/\\\/www.fhbaits.fr\\\/index.php\\\/acceuil\\\/#breadcrumb\"},\"inLanguage\":\"fr-FR\",\"potentialAction\":[{\"@type\":\"ReadAction\",\"target\":[\"http:\\\/\\\/www.fhbaits.fr\\\/index.php\\\/acceuil\\\/\"]}]},{\"@type\":\"ImageObject\",\"inLanguage\":\"fr-FR\",\"@id\":\"http:\\\/\\\/www.fhbaits.fr\\\/index.php\\\/acceuil\\\/#primaryimage\",\"url\":\"http:\\\/\\\/www.fhbaits.fr\\\/wp-content\\\/uploads\\\/2024\\\/09\\\/nos-bou.jpg\",\"contentUrl\":\"http:\\\/\\\/www.fhbaits.fr\\\/wp-content\\\/uploads\\\/2024\\\/09\\\/nos-bou.jpg\",\"width\":403,\"height\":265,\"caption\":\"Bouillettes-fraiches appat-carpe- sous vides\"},{\"@type\":\"BreadcrumbList\",\"@id\":\"http:\\\/\\\/www.fhbaits.fr\\\/index.php\\\/acceuil\\\/#breadcrumb\",\"itemListElement\":[{\"@type\":\"ListItem\",\"position\":1,\"name\":\"Accueil\",\"item\":\"https:\\\/\\\/www.fhbaits.fr\\\/\"},{\"@type\":\"ListItem\",\"position\":2,\"name\":\"Accueil\"}]},{\"@type\":\"WebSite\",\"@id\":\"http:\\\/\\\/www.fhbaits.fr\\\/#website\",\"url\":\"http:\\\/\\\/www.fhbaits.fr\\\/\",\"name\":\"FH Baits\",\"description\":\"Ventes de bouillettes fra\u00eeches par correspondance\",\"publisher\":{\"@id\":\"http:\\\/\\\/www.fhbaits.fr\\\/#organization\"},\"potentialAction\":[{\"@type\":\"SearchAction\",\"target\":{\"@type\":\"EntryPoint\",\"urlTemplate\":\"http:\\\/\\\/www.fhbaits.fr\\\/?s={search_term_string}\"},\"query-input\":{\"@type\":\"PropertyValueSpecification\",\"valueRequired\":true,\"valueName\":\"search_term_string\"}}],\"inLanguage\":\"fr-FR\"},{\"@type\":\"Organization\",\"@id\":\"http:\\\/\\\/www.fhbaits.fr\\\/#organization\",\"name\":\"FH Baits\",\"url\":\"http:\\\/\\\/www.fhbaits.fr\\\/\",\"logo\":{\"@type\":\"ImageObject\",\"inLanguage\":\"fr-FR\",\"@id\":\"http:\\\/\\\/www.fhbaits.fr\\\/#\\\/schema\\\/logo\\\/image\\\/\",\"url\":\"http:\\\/\\\/www.fhbaits.fr\\\/wp-content\\\/uploads\\\/2024\\\/09\\\/cropped-FHBaits.png\",\"contentUrl\":\"http:\\\/\\\/www.fhbaits.fr\\\/wp-content\\\/uploads\\\/2024\\\/09\\\/cropped-FHBaits.png\",\"width\":90,\"height\":90,\"caption\":\"FH Baits\"},\"image\":{\"@id\":\"http:\\\/\\\/www.fhbaits.fr\\\/#\\\/schema\\\/logo\\\/image\\\/\"},\"sameAs\":[\"https:\\\/\\\/www.facebook.com\\\/p\\\/Fhbaits-100069343946951\\\/?locale=fr_FR\"]}]}<\/script>\n<!-- \/ Yoast SEO plugin. -->","yoast_head_json":{"title":"Accueil - FH Baits","robots":{"index":"index","follow":"follow","max-snippet":"max-snippet:-1","max-image-preview":"max-image-preview:large","max-video-preview":"max-video-preview:-1"},"canonical":"http:\/\/www.fhbaits.fr\/index.php\/acceuil\/","og_locale":"fr_FR","og_type":"article","og_title":"Accueil - FH Baits","og_description":"Soci\u00e9t\u00e9 Mayennaise cr\u00e9\u00e9e en mars 2007 par Franck Martel,\u00a0FH Baits\u00a0s&rsquo;est sp\u00e9cialis\u00e9e dans la vente de bouillettes fraiches et app\u00e2ts pour la carpe (pellets,\u00a0tiger nuts\u00a0&#8230;) par &hellip;","og_url":"http:\/\/www.fhbaits.fr\/index.php\/acceuil\/","og_site_name":"FH Baits","article_publisher":"https:\/\/www.facebook.com\/p\/Fhbaits-100069343946951\/?locale=fr_FR","article_modified_time":"2026-03-09T09:59:32+00:00","og_image":[{"url":"http:\/\/www.fhbaits.fr\/wp-content\/uploads\/2024\/09\/nos-bou.jpg","type":"","width":"","height":""}],"twitter_card":"summary_large_image","twitter_misc":{"Dur\u00e9e de lecture estim\u00e9e":"1 minute"},"schema":{"@context":"https:\/\/schema.org","@graph":[{"@type":"WebPage","@id":"http:\/\/www.fhbaits.fr\/index.php\/acceuil\/","url":"http:\/\/www.fhbaits.fr\/index.php\/acceuil\/","name":"Accueil - FH Baits","isPartOf":{"@id":"http:\/\/www.fhbaits.fr\/#website"},"primaryImageOfPage":{"@id":"http:\/\/www.fhbaits.fr\/index.php\/acceuil\/#primaryimage"},"image":{"@id":"http:\/\/www.fhbaits.fr\/index.php\/acceuil\/#primaryimage"},"thumbnailUrl":"http:\/\/www.fhbaits.fr\/wp-content\/uploads\/2024\/09\/nos-bou.jpg","datePublished":"2024-09-04T20:27:36+00:00","dateModified":"2026-03-09T09:59:32+00:00","breadcrumb":{"@id":"http:\/\/www.fhbaits.fr\/index.php\/acceuil\/#breadcrumb"},"inLanguage":"fr-FR","potentialAction":[{"@type":"ReadAction","target":["http:\/\/www.fhbaits.fr\/index.php\/acceuil\/"]}]},{"@type":"ImageObject","inLanguage":"fr-FR","@id":"http:\/\/www.fhbaits.fr\/index.php\/acceuil\/#primaryimage","url":"http:\/\/www.fhbaits.fr\/wp-content\/uploads\/2024\/09\/nos-bou.jpg","contentUrl":"http:\/\/www.fhbaits.fr\/wp-content\/uploads\/2024\/09\/nos-bou.jpg","width":403,"height":265,"caption":"Bouillettes-fraiches appat-carpe- sous vides"},{"@type":"BreadcrumbList","@id":"http:\/\/www.fhbaits.fr\/index.php\/acceuil\/#breadcrumb","itemListElement":[{"@type":"ListItem","position":1,"name":"Accueil","item":"https:\/\/www.fhbaits.fr\/"},{"@type":"ListItem","position":2,"name":"Accueil"}]},{"@type":"WebSite","@id":"http:\/\/www.fhbaits.fr\/#website","url":"http:\/\/www.fhbaits.fr\/","name":"FH Baits","description":"Ventes de bouillettes fra\u00eeches par correspondance","publisher":{"@id":"http:\/\/www.fhbaits.fr\/#organization"},"potentialAction":[{"@type":"SearchAction","target":{"@type":"EntryPoint","urlTemplate":"http:\/\/www.fhbaits.fr\/?s={search_term_string}"},"query-input":{"@type":"PropertyValueSpecification","valueRequired":true,"valueName":"search_term_string"}}],"inLanguage":"fr-FR"},{"@type":"Organization","@id":"http:\/\/www.fhbaits.fr\/#organization","name":"FH Baits","url":"http:\/\/www.fhbaits.fr\/","logo":{"@type":"ImageObject","inLanguage":"fr-FR","@id":"http:\/\/www.fhbaits.fr\/#\/schema\/logo\/image\/","url":"http:\/\/www.fhbaits.fr\/wp-content\/uploads\/2024\/09\/cropped-FHBaits.png","contentUrl":"http:\/\/www.fhbaits.fr\/wp-content\/uploads\/2024\/09\/cropped-FHBaits.png","width":90,"height":90,"caption":"FH Baits"},"image":{"@id":"http:\/\/www.fhbaits.fr\/#\/schema\/logo\/image\/"},"sameAs":["https:\/\/www.facebook.com\/p\/Fhbaits-100069343946951\/?locale=fr_FR"]}]}},"_links":{"self":[{"href":"http:\/\/www.fhbaits.fr\/index.php\/wp-json\/wp\/v2\/pages\/45","targetHints":{"allow":["GET"]}}],"collection":[{"href":"http:\/\/www.fhbaits.fr\/index.php\/wp-json\/wp\/v2\/pages"}],"about":[{"href":"http:\/\/www.fhbaits.fr\/index.php\/wp-json\/wp\/v2\/types\/page"}],"author":[{"embeddable":true,"href":"http:\/\/www.fhbaits.fr\/index.php\/wp-json\/wp\/v2\/users\/1"}],"replies":[{"embeddable":true,"href":"http:\/\/www.fhbaits.fr\/index.php\/wp-json\/wp\/v2\/comments?post=45"}],"version-history":[{"count":71,"href":"http:\/\/www.fhbaits.fr\/index.php\/wp-json\/wp\/v2\/pages\/45\/revisions"}],"predecessor-version":[{"id":1155,"href":"http:\/\/www.fhbaits.fr\/index.php\/wp-json\/wp\/v2\/pages\/45\/revisions\/1155"}],"wp:attachment":[{"href":"http:\/\/www.fhbaits.fr\/index.php\/wp-json\/wp\/v2\/media?parent=45"}],"curies":[{"name":"wp","href":"https:\/\/api.w.org\/{rel}","templated":true}]}}