{"id":248,"date":"2024-09-07T00:05:48","date_gmt":"2024-09-06T22:05:48","guid":{"rendered":"http:\/\/www2.fhbaits.com\/?page_id=248"},"modified":"2024-09-08T23:40:16","modified_gmt":"2024-09-08T21:40:16","slug":"caviar-cranberry","status":"publish","type":"page","link":"http:\/\/www.fhbaits.fr\/index.php\/caviar-cranberry\/","title":{"rendered":"Caviar Cranberry"},"content":{"rendered":"\t\t<div data-elementor-type=\"wp-page\" data-elementor-id=\"248\" class=\"elementor elementor-248\">\n\t\t\t\t<div class=\"elementor-element elementor-element-2e15d2c e-grid e-con-boxed e-con e-parent\" data-id=\"2e15d2c\" data-element_type=\"container\" data-e-type=\"container\">\n\t\t\t\t\t<div class=\"e-con-inner\">\n\t\t\t\t<div class=\"elementor-element elementor-element-9ec951c elementor-widget elementor-widget-text-editor\" data-id=\"9ec951c\" data-element_type=\"widget\" data-e-type=\"widget\" data-widget_type=\"text-editor.default\">\n\t\t\t\t<div class=\"elementor-widget-container\">\n\t\t\t\t\t\t\t\t\t<p>Une bouillette carn\u00e9e \u00e0 base de pellets qui est assez dos\u00e9e en ar\u00f4me sur la m\u00eame base que la monster halibut.<\/p><p><strong>C&rsquo;est une<\/strong> <strong>bouillette passe partout.<\/strong><\/p>\t\t\t\t\t\t\t\t<\/div>\n\t\t\t\t<\/div>\n\t\t\t\t<div class=\"elementor-element elementor-element-73e48e6 elementor-widget elementor-widget-image\" data-id=\"73e48e6\" data-element_type=\"widget\" data-e-type=\"widget\" data-widget_type=\"image.default\">\n\t\t\t\t<div class=\"elementor-widget-container\">\n\t\t\t\t\t\t\t\t\t\t\t\t\t\t\t<img fetchpriority=\"high\" decoding=\"async\" width=\"1024\" height=\"683\" src=\"http:\/\/www.fhbaits.fr\/wp-content\/uploads\/2024\/09\/mh-1024x683.jpg\" class=\"attachment-large size-large wp-image-356\" alt=\"Bouillettes-fraiches appat-carpe-Monster-halibut\" srcset=\"http:\/\/www.fhbaits.fr\/wp-content\/uploads\/2024\/09\/mh-1024x683.jpg 1024w, http:\/\/www.fhbaits.fr\/wp-content\/uploads\/2024\/09\/mh-300x200.jpg 300w, http:\/\/www.fhbaits.fr\/wp-content\/uploads\/2024\/09\/mh-768x512.jpg 768w, http:\/\/www.fhbaits.fr\/wp-content\/uploads\/2024\/09\/mh-1536x1024.jpg 1536w, http:\/\/www.fhbaits.fr\/wp-content\/uploads\/2024\/09\/mh-2048x1365.jpg 2048w, http:\/\/www.fhbaits.fr\/wp-content\/uploads\/2024\/09\/mh-315x210.jpg 315w\" sizes=\"(max-width: 1024px) 100vw, 1024px\" \/>\t\t\t\t\t\t\t\t\t\t\t\t\t\t\t<\/div>\n\t\t\t\t<\/div>\n\t\t\t\t<div class=\"elementor-element elementor-element-724a0f3 elementor-widget elementor-widget-image\" data-id=\"724a0f3\" data-element_type=\"widget\" data-e-type=\"widget\" data-widget_type=\"image.default\">\n\t\t\t\t<div class=\"elementor-widget-container\">\n\t\t\t\t\t\t\t\t\t\t\t\t\t\t\t<img fetchpriority=\"high\" decoding=\"async\" width=\"1024\" height=\"683\" src=\"http:\/\/www.fhbaits.fr\/wp-content\/uploads\/2024\/09\/mh-1024x683.jpg\" class=\"attachment-large size-large wp-image-356\" alt=\"Bouillettes-fraiches appat-carpe-Monster-halibut\" srcset=\"http:\/\/www.fhbaits.fr\/wp-content\/uploads\/2024\/09\/mh-1024x683.jpg 1024w, http:\/\/www.fhbaits.fr\/wp-content\/uploads\/2024\/09\/mh-300x200.jpg 300w, http:\/\/www.fhbaits.fr\/wp-content\/uploads\/2024\/09\/mh-768x512.jpg 768w, http:\/\/www.fhbaits.fr\/wp-content\/uploads\/2024\/09\/mh-1536x1024.jpg 1536w, http:\/\/www.fhbaits.fr\/wp-content\/uploads\/2024\/09\/mh-2048x1365.jpg 2048w, http:\/\/www.fhbaits.fr\/wp-content\/uploads\/2024\/09\/mh-315x210.jpg 315w\" sizes=\"(max-width: 1024px) 100vw, 1024px\" \/>\t\t\t\t\t\t\t\t\t\t\t\t\t\t\t<\/div>\n\t\t\t\t<\/div>\n\t\t\t\t<div class=\"elementor-element elementor-element-d8ac2cf elementor-widget elementor-widget-text-editor\" data-id=\"d8ac2cf\" data-element_type=\"widget\" data-e-type=\"widget\" data-widget_type=\"text-editor.default\">\n\t\t\t\t<div class=\"elementor-widget-container\">\n\t\t\t\t\t\t\t\t\t<p style=\"box-sizing: border-box; margin: 0px 0px 1em; padding: 0px; border: 0px; font-variant-numeric: inherit; font-variant-east-asian: inherit; font-variant-alternates: inherit; font-variant-position: inherit; font-stretch: inherit; line-height: inherit; font-family: Roboto, sans-serif; font-optical-sizing: inherit; font-size-adjust: inherit; font-kerning: inherit; font-feature-settings: inherit; font-variation-settings: inherit; color: #7a7a7a;\">disponible en 24, 20, 14\u00a0<strong style=\"box-sizing: border-box; margin: 0px; padding: 0px; border: 0px; font-style: inherit; font-variant: inherit; font-stretch: inherit; font-size: inherit; line-height: inherit; font-family: inherit; font-optical-sizing: inherit; font-size-adjust: inherit; font-kerning: inherit; font-feature-settings: inherit; font-variation-settings: inherit;\">mm :<\/strong><\/p><p style=\"box-sizing: border-box; margin: 0px 0px 1em; padding: 0px; border: 0px; font-variant-numeric: inherit; font-variant-east-asian: inherit; font-variant-alternates: inherit; font-variant-position: inherit; font-stretch: inherit; line-height: inherit; font-family: Roboto, sans-serif; font-optical-sizing: inherit; font-size-adjust: inherit; font-kerning: inherit; font-feature-settings: inherit; font-variation-settings: inherit; color: #7a7a7a;\"><strong style=\"box-sizing: border-box; margin: 0px; padding: 0px; border: 0px; font-style: inherit; font-variant: inherit; font-stretch: inherit; font-size: inherit; line-height: inherit; font-family: inherit; font-optical-sizing: inherit; font-size-adjust: inherit; font-kerning: inherit; font-feature-settings: inherit; font-variation-settings: inherit;\">Utilisation :\u00a0<\/strong>Tous types de p\u00eaches<\/p><p style=\"box-sizing: border-box; margin: 0px 0px 1em; padding: 0px; border: 0px; font-variant-numeric: inherit; font-variant-east-asian: inherit; font-variant-alternates: inherit; font-variant-position: inherit; font-stretch: inherit; line-height: inherit; font-family: Roboto, sans-serif; font-optical-sizing: inherit; font-size-adjust: inherit; font-kerning: inherit; font-feature-settings: inherit; font-variation-settings: inherit; color: #7a7a7a;\"><strong style=\"box-sizing: border-box; margin: 0px; padding: 0px; border: 0px; font-style: inherit; font-variant: inherit; font-stretch: inherit; font-size: inherit; line-height: inherit; font-family: inherit; font-optical-sizing: inherit; font-size-adjust: inherit; font-kerning: inherit; font-feature-settings: inherit; font-variation-settings: inherit;\">prix \u00e0 partir de :\u00a0 \u2026\u00a0<\/strong>\u20ac voir\u00a0<a style=\"box-sizing: border-box; margin: 0px; padding: 0px; border: 0px; font: inherit; color: #000000; box-shadow: none; text-decoration-line: underline; transition: 0.2s ease-out;\" href=\"http:\/\/www2.fhbaits.com\/index.php\/tarifs-2\/\">tarif<\/a>.\u00a0<\/p>\t\t\t\t\t\t\t\t<\/div>\n\t\t\t\t<\/div>\n\t\t\t\t\t<\/div>\n\t\t\t\t<\/div>\n\t\t<div class=\"elementor-element elementor-element-801f754 e-grid e-con-boxed e-con e-parent\" data-id=\"801f754\" data-element_type=\"container\" data-e-type=\"container\">\n\t\t\t\t\t<div class=\"e-con-inner\">\n\t\t\t\t<div class=\"elementor-element elementor-element-5d5ee67 elementor-widget elementor-widget-spacer\" data-id=\"5d5ee67\" data-element_type=\"widget\" data-e-type=\"widget\" data-widget_type=\"spacer.default\">\n\t\t\t\t<div class=\"elementor-widget-container\">\n\t\t\t\t\t\t\t<div class=\"elementor-spacer\">\n\t\t\t<div class=\"elementor-spacer-inner\"><\/div>\n\t\t<\/div>\n\t\t\t\t\t\t<\/div>\n\t\t\t\t<\/div>\n\t\t\t\t<div class=\"elementor-element elementor-element-3f9a7f1 elementor-widget elementor-widget-text-editor\" data-id=\"3f9a7f1\" data-element_type=\"widget\" data-e-type=\"widget\" data-widget_type=\"text-editor.default\">\n\t\t\t\t<div class=\"elementor-widget-container\">\n\t\t\t\t\t\t\t\t\t<p><strong>Tags: \u00a0\u00a0Appats Carpe \u00a0 Bouillette \u00a0 Bouillette Fraiche \u00a0 Bouillettes\u00a0 \u00a0Caviar Cranberry<\/strong><\/p>\t\t\t\t\t\t\t\t<\/div>\n\t\t\t\t<\/div>\n\t\t\t\t\t<\/div>\n\t\t\t\t<\/div>\n\t\t\t\t<\/div>\n\t\t","protected":false},"excerpt":{"rendered":"<p>Une bouillette carn\u00e9e \u00e0 base de pellets qui est assez dos\u00e9e en ar\u00f4me sur la m\u00eame base que la monster halibut. C&rsquo;est une bouillette passe &hellip;<\/p>\n","protected":false},"author":1,"featured_media":0,"parent":0,"menu_order":0,"comment_status":"closed","ping_status":"closed","template":"","meta":{"footnotes":""},"class_list":["post-248","page","type-page","status-publish","hentry"],"yoast_head":"<!-- This site is optimized with the Yoast SEO plugin v27.5 - https:\/\/yoast.com\/product\/yoast-seo-wordpress\/ -->\n<title>Caviar Cranberry - FH Baits<\/title>\n<meta name=\"robots\" content=\"index, follow, max-snippet:-1, max-image-preview:large, max-video-preview:-1\" \/>\n<link rel=\"canonical\" href=\"https:\/\/www.fhbaits.fr\/index.php\/caviar-cranberry\/\" \/>\n<meta property=\"og:locale\" content=\"fr_FR\" \/>\n<meta property=\"og:type\" content=\"article\" \/>\n<meta property=\"og:title\" content=\"Caviar Cranberry - FH Baits\" \/>\n<meta property=\"og:description\" content=\"Une bouillette carn\u00e9e \u00e0 base de pellets qui est assez dos\u00e9e en ar\u00f4me sur la m\u00eame base que la monster halibut. C&rsquo;est une bouillette passe &hellip;\" \/>\n<meta property=\"og:url\" content=\"https:\/\/www.fhbaits.fr\/index.php\/caviar-cranberry\/\" \/>\n<meta property=\"og:site_name\" content=\"FH Baits\" \/>\n<meta property=\"article:publisher\" content=\"https:\/\/www.facebook.com\/p\/Fhbaits-100069343946951\/?locale=fr_FR\" \/>\n<meta property=\"article:modified_time\" content=\"2024-09-08T21:40:16+00:00\" \/>\n<meta property=\"og:image\" content=\"http:\/\/www2.fhbaits.com\/wp-content\/uploads\/2024\/09\/mh-1024x683.jpg\" \/>\n<meta name=\"twitter:card\" content=\"summary_large_image\" \/>\n<meta name=\"twitter:label1\" content=\"Dur\u00e9e de lecture estim\u00e9e\" \/>\n\t<meta name=\"twitter:data1\" content=\"1 minute\" \/>\n<script type=\"application\/ld+json\" class=\"yoast-schema-graph\">{\"@context\":\"https:\\\/\\\/schema.org\",\"@graph\":[{\"@type\":\"WebPage\",\"@id\":\"https:\\\/\\\/www.fhbaits.fr\\\/index.php\\\/caviar-cranberry\\\/\",\"url\":\"https:\\\/\\\/www.fhbaits.fr\\\/index.php\\\/caviar-cranberry\\\/\",\"name\":\"Caviar Cranberry - FH Baits\",\"isPartOf\":{\"@id\":\"http:\\\/\\\/www.fhbaits.fr\\\/#website\"},\"primaryImageOfPage\":{\"@id\":\"https:\\\/\\\/www.fhbaits.fr\\\/index.php\\\/caviar-cranberry\\\/#primaryimage\"},\"image\":{\"@id\":\"https:\\\/\\\/www.fhbaits.fr\\\/index.php\\\/caviar-cranberry\\\/#primaryimage\"},\"thumbnailUrl\":\"http:\\\/\\\/www2.fhbaits.com\\\/wp-content\\\/uploads\\\/2024\\\/09\\\/mh-1024x683.jpg\",\"datePublished\":\"2024-09-06T22:05:48+00:00\",\"dateModified\":\"2024-09-08T21:40:16+00:00\",\"breadcrumb\":{\"@id\":\"https:\\\/\\\/www.fhbaits.fr\\\/index.php\\\/caviar-cranberry\\\/#breadcrumb\"},\"inLanguage\":\"fr-FR\",\"potentialAction\":[{\"@type\":\"ReadAction\",\"target\":[\"https:\\\/\\\/www.fhbaits.fr\\\/index.php\\\/caviar-cranberry\\\/\"]}]},{\"@type\":\"ImageObject\",\"inLanguage\":\"fr-FR\",\"@id\":\"https:\\\/\\\/www.fhbaits.fr\\\/index.php\\\/caviar-cranberry\\\/#primaryimage\",\"url\":\"http:\\\/\\\/www2.fhbaits.com\\\/wp-content\\\/uploads\\\/2024\\\/09\\\/mh-1024x683.jpg\",\"contentUrl\":\"http:\\\/\\\/www2.fhbaits.com\\\/wp-content\\\/uploads\\\/2024\\\/09\\\/mh-1024x683.jpg\"},{\"@type\":\"BreadcrumbList\",\"@id\":\"https:\\\/\\\/www.fhbaits.fr\\\/index.php\\\/caviar-cranberry\\\/#breadcrumb\",\"itemListElement\":[{\"@type\":\"ListItem\",\"position\":1,\"name\":\"Accueil\",\"item\":\"https:\\\/\\\/www.fhbaits.fr\\\/\"},{\"@type\":\"ListItem\",\"position\":2,\"name\":\"Caviar Cranberry\"}]},{\"@type\":\"WebSite\",\"@id\":\"http:\\\/\\\/www.fhbaits.fr\\\/#website\",\"url\":\"http:\\\/\\\/www.fhbaits.fr\\\/\",\"name\":\"FH Baits\",\"description\":\"Ventes de bouillettes fra\u00eeches par correspondance\",\"publisher\":{\"@id\":\"http:\\\/\\\/www.fhbaits.fr\\\/#organization\"},\"potentialAction\":[{\"@type\":\"SearchAction\",\"target\":{\"@type\":\"EntryPoint\",\"urlTemplate\":\"http:\\\/\\\/www.fhbaits.fr\\\/?s={search_term_string}\"},\"query-input\":{\"@type\":\"PropertyValueSpecification\",\"valueRequired\":true,\"valueName\":\"search_term_string\"}}],\"inLanguage\":\"fr-FR\"},{\"@type\":\"Organization\",\"@id\":\"http:\\\/\\\/www.fhbaits.fr\\\/#organization\",\"name\":\"FH Baits\",\"url\":\"http:\\\/\\\/www.fhbaits.fr\\\/\",\"logo\":{\"@type\":\"ImageObject\",\"inLanguage\":\"fr-FR\",\"@id\":\"http:\\\/\\\/www.fhbaits.fr\\\/#\\\/schema\\\/logo\\\/image\\\/\",\"url\":\"http:\\\/\\\/www.fhbaits.fr\\\/wp-content\\\/uploads\\\/2024\\\/09\\\/cropped-FHBaits.png\",\"contentUrl\":\"http:\\\/\\\/www.fhbaits.fr\\\/wp-content\\\/uploads\\\/2024\\\/09\\\/cropped-FHBaits.png\",\"width\":90,\"height\":90,\"caption\":\"FH Baits\"},\"image\":{\"@id\":\"http:\\\/\\\/www.fhbaits.fr\\\/#\\\/schema\\\/logo\\\/image\\\/\"},\"sameAs\":[\"https:\\\/\\\/www.facebook.com\\\/p\\\/Fhbaits-100069343946951\\\/?locale=fr_FR\"]}]}<\/script>\n<!-- \/ Yoast SEO plugin. -->","yoast_head_json":{"title":"Caviar Cranberry - FH Baits","robots":{"index":"index","follow":"follow","max-snippet":"max-snippet:-1","max-image-preview":"max-image-preview:large","max-video-preview":"max-video-preview:-1"},"canonical":"https:\/\/www.fhbaits.fr\/index.php\/caviar-cranberry\/","og_locale":"fr_FR","og_type":"article","og_title":"Caviar Cranberry - FH Baits","og_description":"Une bouillette carn\u00e9e \u00e0 base de pellets qui est assez dos\u00e9e en ar\u00f4me sur la m\u00eame base que la monster halibut. C&rsquo;est une bouillette passe &hellip;","og_url":"https:\/\/www.fhbaits.fr\/index.php\/caviar-cranberry\/","og_site_name":"FH Baits","article_publisher":"https:\/\/www.facebook.com\/p\/Fhbaits-100069343946951\/?locale=fr_FR","article_modified_time":"2024-09-08T21:40:16+00:00","og_image":[{"url":"http:\/\/www2.fhbaits.com\/wp-content\/uploads\/2024\/09\/mh-1024x683.jpg","type":"","width":"","height":""}],"twitter_card":"summary_large_image","twitter_misc":{"Dur\u00e9e de lecture estim\u00e9e":"1 minute"},"schema":{"@context":"https:\/\/schema.org","@graph":[{"@type":"WebPage","@id":"https:\/\/www.fhbaits.fr\/index.php\/caviar-cranberry\/","url":"https:\/\/www.fhbaits.fr\/index.php\/caviar-cranberry\/","name":"Caviar Cranberry - FH Baits","isPartOf":{"@id":"http:\/\/www.fhbaits.fr\/#website"},"primaryImageOfPage":{"@id":"https:\/\/www.fhbaits.fr\/index.php\/caviar-cranberry\/#primaryimage"},"image":{"@id":"https:\/\/www.fhbaits.fr\/index.php\/caviar-cranberry\/#primaryimage"},"thumbnailUrl":"http:\/\/www2.fhbaits.com\/wp-content\/uploads\/2024\/09\/mh-1024x683.jpg","datePublished":"2024-09-06T22:05:48+00:00","dateModified":"2024-09-08T21:40:16+00:00","breadcrumb":{"@id":"https:\/\/www.fhbaits.fr\/index.php\/caviar-cranberry\/#breadcrumb"},"inLanguage":"fr-FR","potentialAction":[{"@type":"ReadAction","target":["https:\/\/www.fhbaits.fr\/index.php\/caviar-cranberry\/"]}]},{"@type":"ImageObject","inLanguage":"fr-FR","@id":"https:\/\/www.fhbaits.fr\/index.php\/caviar-cranberry\/#primaryimage","url":"http:\/\/www2.fhbaits.com\/wp-content\/uploads\/2024\/09\/mh-1024x683.jpg","contentUrl":"http:\/\/www2.fhbaits.com\/wp-content\/uploads\/2024\/09\/mh-1024x683.jpg"},{"@type":"BreadcrumbList","@id":"https:\/\/www.fhbaits.fr\/index.php\/caviar-cranberry\/#breadcrumb","itemListElement":[{"@type":"ListItem","position":1,"name":"Accueil","item":"https:\/\/www.fhbaits.fr\/"},{"@type":"ListItem","position":2,"name":"Caviar Cranberry"}]},{"@type":"WebSite","@id":"http:\/\/www.fhbaits.fr\/#website","url":"http:\/\/www.fhbaits.fr\/","name":"FH Baits","description":"Ventes de bouillettes fra\u00eeches par correspondance","publisher":{"@id":"http:\/\/www.fhbaits.fr\/#organization"},"potentialAction":[{"@type":"SearchAction","target":{"@type":"EntryPoint","urlTemplate":"http:\/\/www.fhbaits.fr\/?s={search_term_string}"},"query-input":{"@type":"PropertyValueSpecification","valueRequired":true,"valueName":"search_term_string"}}],"inLanguage":"fr-FR"},{"@type":"Organization","@id":"http:\/\/www.fhbaits.fr\/#organization","name":"FH Baits","url":"http:\/\/www.fhbaits.fr\/","logo":{"@type":"ImageObject","inLanguage":"fr-FR","@id":"http:\/\/www.fhbaits.fr\/#\/schema\/logo\/image\/","url":"http:\/\/www.fhbaits.fr\/wp-content\/uploads\/2024\/09\/cropped-FHBaits.png","contentUrl":"http:\/\/www.fhbaits.fr\/wp-content\/uploads\/2024\/09\/cropped-FHBaits.png","width":90,"height":90,"caption":"FH Baits"},"image":{"@id":"http:\/\/www.fhbaits.fr\/#\/schema\/logo\/image\/"},"sameAs":["https:\/\/www.facebook.com\/p\/Fhbaits-100069343946951\/?locale=fr_FR"]}]}},"_links":{"self":[{"href":"http:\/\/www.fhbaits.fr\/index.php\/wp-json\/wp\/v2\/pages\/248","targetHints":{"allow":["GET"]}}],"collection":[{"href":"http:\/\/www.fhbaits.fr\/index.php\/wp-json\/wp\/v2\/pages"}],"about":[{"href":"http:\/\/www.fhbaits.fr\/index.php\/wp-json\/wp\/v2\/types\/page"}],"author":[{"embeddable":true,"href":"http:\/\/www.fhbaits.fr\/index.php\/wp-json\/wp\/v2\/users\/1"}],"replies":[{"embeddable":true,"href":"http:\/\/www.fhbaits.fr\/index.php\/wp-json\/wp\/v2\/comments?post=248"}],"version-history":[{"count":4,"href":"http:\/\/www.fhbaits.fr\/index.php\/wp-json\/wp\/v2\/pages\/248\/revisions"}],"predecessor-version":[{"id":453,"href":"http:\/\/www.fhbaits.fr\/index.php\/wp-json\/wp\/v2\/pages\/248\/revisions\/453"}],"wp:attachment":[{"href":"http:\/\/www.fhbaits.fr\/index.php\/wp-json\/wp\/v2\/media?parent=248"}],"curies":[{"name":"wp","href":"https:\/\/api.w.org\/{rel}","templated":true}]}}