{"id":240,"date":"2024-09-07T00:02:38","date_gmt":"2024-09-06T22:02:38","guid":{"rendered":"http:\/\/www2.fhbaits.com\/?page_id=240"},"modified":"2024-09-08T23:32:34","modified_gmt":"2024-09-08T21:32:34","slug":"f-f","status":"publish","type":"page","link":"http:\/\/www.fhbaits.fr\/index.php\/f-f\/","title":{"rendered":"F.F"},"content":{"rendered":"\t\t<div data-elementor-type=\"wp-page\" data-elementor-id=\"240\" class=\"elementor elementor-240\">\n\t\t\t\t<div class=\"elementor-element elementor-element-74b3f77 e-grid e-con-boxed e-con e-parent\" data-id=\"74b3f77\" data-element_type=\"container\" data-e-type=\"container\">\n\t\t\t\t\t<div class=\"e-con-inner\">\n\t\t\t\t<div class=\"elementor-element elementor-element-e80eb61 elementor-widget elementor-widget-spacer\" data-id=\"e80eb61\" data-element_type=\"widget\" data-e-type=\"widget\" data-widget_type=\"spacer.default\">\n\t\t\t\t<div class=\"elementor-widget-container\">\n\t\t\t\t\t\t\t<div class=\"elementor-spacer\">\n\t\t\t<div class=\"elementor-spacer-inner\"><\/div>\n\t\t<\/div>\n\t\t\t\t\t\t<\/div>\n\t\t\t\t<\/div>\n\t\t\t\t<div class=\"elementor-element elementor-element-c8f7c74 elementor-widget elementor-widget-text-editor\" data-id=\"c8f7c74\" data-element_type=\"widget\" data-e-type=\"widget\" data-widget_type=\"text-editor.default\">\n\t\t\t\t<div class=\"elementor-widget-container\">\n\t\t\t\t\t\t\t\t\t<p>Un m\u00e9lange de 3 ar\u00f4mes cr\u00e9meux \/ fruit\u00e9s avec du micro pellets = super diffusion aussi bien en p\u00eache rapide que sur des p\u00eaches plus longues.<\/p>\t\t\t\t\t\t\t\t<\/div>\n\t\t\t\t<\/div>\n\t\t\t\t<div class=\"elementor-element elementor-element-d5013ca elementor-widget elementor-widget-spacer\" data-id=\"d5013ca\" data-element_type=\"widget\" data-e-type=\"widget\" data-widget_type=\"spacer.default\">\n\t\t\t\t<div class=\"elementor-widget-container\">\n\t\t\t\t\t\t\t<div class=\"elementor-spacer\">\n\t\t\t<div class=\"elementor-spacer-inner\"><\/div>\n\t\t<\/div>\n\t\t\t\t\t\t<\/div>\n\t\t\t\t<\/div>\n\t\t\t\t<div class=\"elementor-element elementor-element-254f1a7 elementor-widget elementor-widget-spacer\" data-id=\"254f1a7\" data-element_type=\"widget\" data-e-type=\"widget\" data-widget_type=\"spacer.default\">\n\t\t\t\t<div class=\"elementor-widget-container\">\n\t\t\t\t\t\t\t<div class=\"elementor-spacer\">\n\t\t\t<div class=\"elementor-spacer-inner\"><\/div>\n\t\t<\/div>\n\t\t\t\t\t\t<\/div>\n\t\t\t\t<\/div>\n\t\t\t\t<div class=\"elementor-element elementor-element-cdaa3ac elementor-widget elementor-widget-image\" data-id=\"cdaa3ac\" data-element_type=\"widget\" data-e-type=\"widget\" data-widget_type=\"image.default\">\n\t\t\t\t<div class=\"elementor-widget-container\">\n\t\t\t\t\t\t\t\t\t\t\t\t\t\t\t<img fetchpriority=\"high\" decoding=\"async\" width=\"1024\" height=\"683\" src=\"http:\/\/www.fhbaits.fr\/wp-content\/uploads\/2024\/09\/ff-1024x683.jpg\" class=\"attachment-large size-large wp-image-354\" alt=\"Bouillettes-fraiches appat-carpe-F.F\" srcset=\"http:\/\/www.fhbaits.fr\/wp-content\/uploads\/2024\/09\/ff-1024x683.jpg 1024w, http:\/\/www.fhbaits.fr\/wp-content\/uploads\/2024\/09\/ff-300x200.jpg 300w, http:\/\/www.fhbaits.fr\/wp-content\/uploads\/2024\/09\/ff-768x512.jpg 768w, http:\/\/www.fhbaits.fr\/wp-content\/uploads\/2024\/09\/ff-1536x1024.jpg 1536w, http:\/\/www.fhbaits.fr\/wp-content\/uploads\/2024\/09\/ff-2048x1365.jpg 2048w, http:\/\/www.fhbaits.fr\/wp-content\/uploads\/2024\/09\/ff-315x210.jpg 315w\" sizes=\"(max-width: 1024px) 100vw, 1024px\" \/>\t\t\t\t\t\t\t\t\t\t\t\t\t\t\t<\/div>\n\t\t\t\t<\/div>\n\t\t\t\t<div class=\"elementor-element elementor-element-a2c1441 elementor-widget elementor-widget-text-editor\" data-id=\"a2c1441\" data-element_type=\"widget\" data-e-type=\"widget\" data-widget_type=\"text-editor.default\">\n\t\t\t\t<div class=\"elementor-widget-container\">\n\t\t\t\t\t\t\t\t\t<p>disponible en 20\u00a0<strong>mm :<\/strong><\/p><p><strong>Utilisation: <\/strong>Tous types de p\u00eaches<\/p><p><strong>Prix \u00e0 partir de : \u2026\u00a0<\/strong>\u20ac voir\u00a0<a href=\"http:\/\/www2.fhbaits.com\/index.php\/tarifs-2\/\">tarif<\/a>.<\/p>\t\t\t\t\t\t\t\t<\/div>\n\t\t\t\t<\/div>\n\t\t\t\t\t<\/div>\n\t\t\t\t<\/div>\n\t\t<div class=\"elementor-element elementor-element-41da69f e-grid e-con-boxed e-con e-parent\" data-id=\"41da69f\" data-element_type=\"container\" data-e-type=\"container\">\n\t\t\t\t\t<div class=\"e-con-inner\">\n\t\t\t\t<div class=\"elementor-element elementor-element-87628d6 elementor-widget elementor-widget-spacer\" data-id=\"87628d6\" data-element_type=\"widget\" data-e-type=\"widget\" data-widget_type=\"spacer.default\">\n\t\t\t\t<div class=\"elementor-widget-container\">\n\t\t\t\t\t\t\t<div class=\"elementor-spacer\">\n\t\t\t<div class=\"elementor-spacer-inner\"><\/div>\n\t\t<\/div>\n\t\t\t\t\t\t<\/div>\n\t\t\t\t<\/div>\n\t\t\t\t\t<\/div>\n\t\t\t\t<\/div>\n\t\t<div class=\"elementor-element elementor-element-1580795 e-flex e-con-boxed e-con e-parent\" data-id=\"1580795\" data-element_type=\"container\" data-e-type=\"container\">\n\t\t\t\t\t<div class=\"e-con-inner\">\n\t\t\t\t<div class=\"elementor-element elementor-element-7cfd804 elementor-widget elementor-widget-text-editor\" data-id=\"7cfd804\" data-element_type=\"widget\" data-e-type=\"widget\" data-widget_type=\"text-editor.default\">\n\t\t\t\t<div class=\"elementor-widget-container\">\n\t\t\t\t\t\t\t\t\t<p>Tags: \u00a0\u00a0Appats Carpe \u00a0 Bouillette \u00a0 Bouillette Fraiche \u00a0 Bouillettes\u00a0 F.F<\/p>\t\t\t\t\t\t\t\t<\/div>\n\t\t\t\t<\/div>\n\t\t\t\t\t<\/div>\n\t\t\t\t<\/div>\n\t\t\t\t<\/div>\n\t\t","protected":false},"excerpt":{"rendered":"<p>Un m\u00e9lange de 3 ar\u00f4mes cr\u00e9meux \/ fruit\u00e9s avec du micro pellets = super diffusion aussi bien en p\u00eache rapide que sur des p\u00eaches plus &hellip;<\/p>\n","protected":false},"author":1,"featured_media":0,"parent":0,"menu_order":0,"comment_status":"closed","ping_status":"closed","template":"","meta":{"footnotes":""},"class_list":["post-240","page","type-page","status-publish","hentry"],"yoast_head":"<!-- This site is optimized with the Yoast SEO plugin v27.5 - https:\/\/yoast.com\/product\/yoast-seo-wordpress\/ -->\n<title>F.F - FH Baits<\/title>\n<meta name=\"robots\" content=\"index, follow, max-snippet:-1, max-image-preview:large, max-video-preview:-1\" \/>\n<link rel=\"canonical\" href=\"http:\/\/www.fhbaits.fr\/index.php\/f-f\/\" \/>\n<meta property=\"og:locale\" content=\"fr_FR\" \/>\n<meta property=\"og:type\" content=\"article\" \/>\n<meta property=\"og:title\" content=\"F.F - FH Baits\" \/>\n<meta property=\"og:description\" content=\"Un m\u00e9lange de 3 ar\u00f4mes cr\u00e9meux \/ fruit\u00e9s avec du micro pellets = super diffusion aussi bien en p\u00eache rapide que sur des p\u00eaches plus &hellip;\" \/>\n<meta property=\"og:url\" content=\"http:\/\/www.fhbaits.fr\/index.php\/f-f\/\" \/>\n<meta property=\"og:site_name\" content=\"FH Baits\" \/>\n<meta property=\"article:publisher\" content=\"https:\/\/www.facebook.com\/p\/Fhbaits-100069343946951\/?locale=fr_FR\" \/>\n<meta property=\"article:modified_time\" content=\"2024-09-08T21:32:34+00:00\" \/>\n<meta property=\"og:image\" content=\"http:\/\/www2.fhbaits.com\/wp-content\/uploads\/2024\/09\/ff-1024x683.jpg\" \/>\n<meta name=\"twitter:card\" content=\"summary_large_image\" \/>\n<meta name=\"twitter:label1\" content=\"Dur\u00e9e de lecture estim\u00e9e\" \/>\n\t<meta name=\"twitter:data1\" content=\"1 minute\" \/>\n<script type=\"application\/ld+json\" class=\"yoast-schema-graph\">{\"@context\":\"https:\\\/\\\/schema.org\",\"@graph\":[{\"@type\":\"WebPage\",\"@id\":\"http:\\\/\\\/www.fhbaits.fr\\\/index.php\\\/f-f\\\/\",\"url\":\"http:\\\/\\\/www.fhbaits.fr\\\/index.php\\\/f-f\\\/\",\"name\":\"F.F - FH Baits\",\"isPartOf\":{\"@id\":\"http:\\\/\\\/www.fhbaits.fr\\\/#website\"},\"primaryImageOfPage\":{\"@id\":\"http:\\\/\\\/www.fhbaits.fr\\\/index.php\\\/f-f\\\/#primaryimage\"},\"image\":{\"@id\":\"http:\\\/\\\/www.fhbaits.fr\\\/index.php\\\/f-f\\\/#primaryimage\"},\"thumbnailUrl\":\"http:\\\/\\\/www2.fhbaits.com\\\/wp-content\\\/uploads\\\/2024\\\/09\\\/ff-1024x683.jpg\",\"datePublished\":\"2024-09-06T22:02:38+00:00\",\"dateModified\":\"2024-09-08T21:32:34+00:00\",\"breadcrumb\":{\"@id\":\"http:\\\/\\\/www.fhbaits.fr\\\/index.php\\\/f-f\\\/#breadcrumb\"},\"inLanguage\":\"fr-FR\",\"potentialAction\":[{\"@type\":\"ReadAction\",\"target\":[\"http:\\\/\\\/www.fhbaits.fr\\\/index.php\\\/f-f\\\/\"]}]},{\"@type\":\"ImageObject\",\"inLanguage\":\"fr-FR\",\"@id\":\"http:\\\/\\\/www.fhbaits.fr\\\/index.php\\\/f-f\\\/#primaryimage\",\"url\":\"http:\\\/\\\/www2.fhbaits.com\\\/wp-content\\\/uploads\\\/2024\\\/09\\\/ff-1024x683.jpg\",\"contentUrl\":\"http:\\\/\\\/www2.fhbaits.com\\\/wp-content\\\/uploads\\\/2024\\\/09\\\/ff-1024x683.jpg\"},{\"@type\":\"BreadcrumbList\",\"@id\":\"http:\\\/\\\/www.fhbaits.fr\\\/index.php\\\/f-f\\\/#breadcrumb\",\"itemListElement\":[{\"@type\":\"ListItem\",\"position\":1,\"name\":\"Accueil\",\"item\":\"https:\\\/\\\/www.fhbaits.fr\\\/\"},{\"@type\":\"ListItem\",\"position\":2,\"name\":\"F.F\"}]},{\"@type\":\"WebSite\",\"@id\":\"http:\\\/\\\/www.fhbaits.fr\\\/#website\",\"url\":\"http:\\\/\\\/www.fhbaits.fr\\\/\",\"name\":\"FH Baits\",\"description\":\"Ventes de bouillettes fra\u00eeches par correspondance\",\"publisher\":{\"@id\":\"http:\\\/\\\/www.fhbaits.fr\\\/#organization\"},\"potentialAction\":[{\"@type\":\"SearchAction\",\"target\":{\"@type\":\"EntryPoint\",\"urlTemplate\":\"http:\\\/\\\/www.fhbaits.fr\\\/?s={search_term_string}\"},\"query-input\":{\"@type\":\"PropertyValueSpecification\",\"valueRequired\":true,\"valueName\":\"search_term_string\"}}],\"inLanguage\":\"fr-FR\"},{\"@type\":\"Organization\",\"@id\":\"http:\\\/\\\/www.fhbaits.fr\\\/#organization\",\"name\":\"FH Baits\",\"url\":\"http:\\\/\\\/www.fhbaits.fr\\\/\",\"logo\":{\"@type\":\"ImageObject\",\"inLanguage\":\"fr-FR\",\"@id\":\"http:\\\/\\\/www.fhbaits.fr\\\/#\\\/schema\\\/logo\\\/image\\\/\",\"url\":\"http:\\\/\\\/www.fhbaits.fr\\\/wp-content\\\/uploads\\\/2024\\\/09\\\/cropped-FHBaits.png\",\"contentUrl\":\"http:\\\/\\\/www.fhbaits.fr\\\/wp-content\\\/uploads\\\/2024\\\/09\\\/cropped-FHBaits.png\",\"width\":90,\"height\":90,\"caption\":\"FH Baits\"},\"image\":{\"@id\":\"http:\\\/\\\/www.fhbaits.fr\\\/#\\\/schema\\\/logo\\\/image\\\/\"},\"sameAs\":[\"https:\\\/\\\/www.facebook.com\\\/p\\\/Fhbaits-100069343946951\\\/?locale=fr_FR\"]}]}<\/script>\n<!-- \/ Yoast SEO plugin. -->","yoast_head_json":{"title":"F.F - FH Baits","robots":{"index":"index","follow":"follow","max-snippet":"max-snippet:-1","max-image-preview":"max-image-preview:large","max-video-preview":"max-video-preview:-1"},"canonical":"http:\/\/www.fhbaits.fr\/index.php\/f-f\/","og_locale":"fr_FR","og_type":"article","og_title":"F.F - FH Baits","og_description":"Un m\u00e9lange de 3 ar\u00f4mes cr\u00e9meux \/ fruit\u00e9s avec du micro pellets = super diffusion aussi bien en p\u00eache rapide que sur des p\u00eaches plus &hellip;","og_url":"http:\/\/www.fhbaits.fr\/index.php\/f-f\/","og_site_name":"FH Baits","article_publisher":"https:\/\/www.facebook.com\/p\/Fhbaits-100069343946951\/?locale=fr_FR","article_modified_time":"2024-09-08T21:32:34+00:00","og_image":[{"url":"http:\/\/www2.fhbaits.com\/wp-content\/uploads\/2024\/09\/ff-1024x683.jpg","type":"","width":"","height":""}],"twitter_card":"summary_large_image","twitter_misc":{"Dur\u00e9e de lecture estim\u00e9e":"1 minute"},"schema":{"@context":"https:\/\/schema.org","@graph":[{"@type":"WebPage","@id":"http:\/\/www.fhbaits.fr\/index.php\/f-f\/","url":"http:\/\/www.fhbaits.fr\/index.php\/f-f\/","name":"F.F - FH Baits","isPartOf":{"@id":"http:\/\/www.fhbaits.fr\/#website"},"primaryImageOfPage":{"@id":"http:\/\/www.fhbaits.fr\/index.php\/f-f\/#primaryimage"},"image":{"@id":"http:\/\/www.fhbaits.fr\/index.php\/f-f\/#primaryimage"},"thumbnailUrl":"http:\/\/www2.fhbaits.com\/wp-content\/uploads\/2024\/09\/ff-1024x683.jpg","datePublished":"2024-09-06T22:02:38+00:00","dateModified":"2024-09-08T21:32:34+00:00","breadcrumb":{"@id":"http:\/\/www.fhbaits.fr\/index.php\/f-f\/#breadcrumb"},"inLanguage":"fr-FR","potentialAction":[{"@type":"ReadAction","target":["http:\/\/www.fhbaits.fr\/index.php\/f-f\/"]}]},{"@type":"ImageObject","inLanguage":"fr-FR","@id":"http:\/\/www.fhbaits.fr\/index.php\/f-f\/#primaryimage","url":"http:\/\/www2.fhbaits.com\/wp-content\/uploads\/2024\/09\/ff-1024x683.jpg","contentUrl":"http:\/\/www2.fhbaits.com\/wp-content\/uploads\/2024\/09\/ff-1024x683.jpg"},{"@type":"BreadcrumbList","@id":"http:\/\/www.fhbaits.fr\/index.php\/f-f\/#breadcrumb","itemListElement":[{"@type":"ListItem","position":1,"name":"Accueil","item":"https:\/\/www.fhbaits.fr\/"},{"@type":"ListItem","position":2,"name":"F.F"}]},{"@type":"WebSite","@id":"http:\/\/www.fhbaits.fr\/#website","url":"http:\/\/www.fhbaits.fr\/","name":"FH Baits","description":"Ventes de bouillettes fra\u00eeches par correspondance","publisher":{"@id":"http:\/\/www.fhbaits.fr\/#organization"},"potentialAction":[{"@type":"SearchAction","target":{"@type":"EntryPoint","urlTemplate":"http:\/\/www.fhbaits.fr\/?s={search_term_string}"},"query-input":{"@type":"PropertyValueSpecification","valueRequired":true,"valueName":"search_term_string"}}],"inLanguage":"fr-FR"},{"@type":"Organization","@id":"http:\/\/www.fhbaits.fr\/#organization","name":"FH Baits","url":"http:\/\/www.fhbaits.fr\/","logo":{"@type":"ImageObject","inLanguage":"fr-FR","@id":"http:\/\/www.fhbaits.fr\/#\/schema\/logo\/image\/","url":"http:\/\/www.fhbaits.fr\/wp-content\/uploads\/2024\/09\/cropped-FHBaits.png","contentUrl":"http:\/\/www.fhbaits.fr\/wp-content\/uploads\/2024\/09\/cropped-FHBaits.png","width":90,"height":90,"caption":"FH Baits"},"image":{"@id":"http:\/\/www.fhbaits.fr\/#\/schema\/logo\/image\/"},"sameAs":["https:\/\/www.facebook.com\/p\/Fhbaits-100069343946951\/?locale=fr_FR"]}]}},"_links":{"self":[{"href":"http:\/\/www.fhbaits.fr\/index.php\/wp-json\/wp\/v2\/pages\/240","targetHints":{"allow":["GET"]}}],"collection":[{"href":"http:\/\/www.fhbaits.fr\/index.php\/wp-json\/wp\/v2\/pages"}],"about":[{"href":"http:\/\/www.fhbaits.fr\/index.php\/wp-json\/wp\/v2\/types\/page"}],"author":[{"embeddable":true,"href":"http:\/\/www.fhbaits.fr\/index.php\/wp-json\/wp\/v2\/users\/1"}],"replies":[{"embeddable":true,"href":"http:\/\/www.fhbaits.fr\/index.php\/wp-json\/wp\/v2\/comments?post=240"}],"version-history":[{"count":7,"href":"http:\/\/www.fhbaits.fr\/index.php\/wp-json\/wp\/v2\/pages\/240\/revisions"}],"predecessor-version":[{"id":444,"href":"http:\/\/www.fhbaits.fr\/index.php\/wp-json\/wp\/v2\/pages\/240\/revisions\/444"}],"wp:attachment":[{"href":"http:\/\/www.fhbaits.fr\/index.php\/wp-json\/wp\/v2\/media?parent=240"}],"curies":[{"name":"wp","href":"https:\/\/api.w.org\/{rel}","templated":true}]}}