{"id":226,"date":"2024-09-06T23:59:50","date_gmt":"2024-09-06T21:59:50","guid":{"rendered":"http:\/\/www2.fhbaits.com\/?page_id=226"},"modified":"2024-12-02T12:27:28","modified_gmt":"2024-12-02T11:27:28","slug":"barbe-a-papa","status":"publish","type":"page","link":"http:\/\/www.fhbaits.fr\/index.php\/barbe-a-papa\/","title":{"rendered":"Barbe \u00e0 Papa"},"content":{"rendered":"\t\t<div data-elementor-type=\"wp-page\" data-elementor-id=\"226\" class=\"elementor elementor-226\">\n\t\t\t\t<div class=\"elementor-element elementor-element-b2290d1 e-grid e-con-boxed e-con e-parent\" data-id=\"b2290d1\" data-element_type=\"container\" data-e-type=\"container\">\n\t\t\t\t\t<div class=\"e-con-inner\">\n\t\t\t\t<div class=\"elementor-element elementor-element-8e1f88d elementor-widget elementor-widget-text-editor\" data-id=\"8e1f88d\" data-element_type=\"widget\" data-e-type=\"widget\" data-widget_type=\"text-editor.default\">\n\t\t\t\t<div class=\"elementor-widget-container\">\n\t\t\t\t\t\t\t\t\t<p><strong>Une r\u00e9f\u00e9rence de la gamme<\/strong> depuis le d\u00e9but de la soci\u00e9t\u00e9,<\/p><p>une bouillette sur une base cr\u00e9meuse qui a fait ses preuves partout.<\/p>\t\t\t\t\t\t\t\t<\/div>\n\t\t\t\t<\/div>\n\t\t\t\t<div class=\"elementor-element elementor-element-bf4f385 elementor-widget elementor-widget-image\" data-id=\"bf4f385\" data-element_type=\"widget\" data-e-type=\"widget\" data-widget_type=\"image.default\">\n\t\t\t\t<div class=\"elementor-widget-container\">\n\t\t\t\t\t\t\t\t\t\t\t\t\t\t\t<img fetchpriority=\"high\" decoding=\"async\" width=\"1024\" height=\"683\" src=\"http:\/\/www.fhbaits.fr\/wp-content\/uploads\/2024\/09\/bap-1024x683.jpg\" class=\"attachment-large size-large wp-image-350\" alt=\"Bouillettes-fraiches appat-carpe-Barbe-a-papa\" srcset=\"http:\/\/www.fhbaits.fr\/wp-content\/uploads\/2024\/09\/bap-1024x683.jpg 1024w, http:\/\/www.fhbaits.fr\/wp-content\/uploads\/2024\/09\/bap-300x200.jpg 300w, http:\/\/www.fhbaits.fr\/wp-content\/uploads\/2024\/09\/bap-768x512.jpg 768w, http:\/\/www.fhbaits.fr\/wp-content\/uploads\/2024\/09\/bap-1536x1024.jpg 1536w, http:\/\/www.fhbaits.fr\/wp-content\/uploads\/2024\/09\/bap-2048x1365.jpg 2048w, http:\/\/www.fhbaits.fr\/wp-content\/uploads\/2024\/09\/bap-315x210.jpg 315w\" sizes=\"(max-width: 1024px) 100vw, 1024px\" \/>\t\t\t\t\t\t\t\t\t\t\t\t\t\t\t<\/div>\n\t\t\t\t<\/div>\n\t\t\t\t<div class=\"elementor-element elementor-element-b21bcbe elementor-widget elementor-widget-image\" data-id=\"b21bcbe\" data-element_type=\"widget\" data-e-type=\"widget\" data-widget_type=\"image.default\">\n\t\t\t\t<div class=\"elementor-widget-container\">\n\t\t\t\t\t\t\t\t\t\t\t\t\t\t\t<img decoding=\"async\" width=\"1024\" height=\"639\" src=\"http:\/\/www.fhbaits.fr\/wp-content\/uploads\/2024\/09\/10-mm-bap-1024x639.jpg\" class=\"attachment-large size-large wp-image-348\" alt=\"Bouillettes-fraiches appat-carpe-Barbe-a-papa-10mm\" srcset=\"http:\/\/www.fhbaits.fr\/wp-content\/uploads\/2024\/09\/10-mm-bap-1024x639.jpg 1024w, http:\/\/www.fhbaits.fr\/wp-content\/uploads\/2024\/09\/10-mm-bap-300x187.jpg 300w, http:\/\/www.fhbaits.fr\/wp-content\/uploads\/2024\/09\/10-mm-bap-768x479.jpg 768w, http:\/\/www.fhbaits.fr\/wp-content\/uploads\/2024\/09\/10-mm-bap-1536x959.jpg 1536w, http:\/\/www.fhbaits.fr\/wp-content\/uploads\/2024\/09\/10-mm-bap-2048x1278.jpg 2048w, http:\/\/www.fhbaits.fr\/wp-content\/uploads\/2024\/09\/10-mm-bap-336x210.jpg 336w\" sizes=\"(max-width: 1024px) 100vw, 1024px\" \/>\t\t\t\t\t\t\t\t\t\t\t\t\t\t\t<\/div>\n\t\t\t\t<\/div>\n\t\t\t\t<div class=\"elementor-element elementor-element-bc04228 elementor-widget elementor-widget-text-editor\" data-id=\"bc04228\" data-element_type=\"widget\" data-e-type=\"widget\" data-widget_type=\"text-editor.default\">\n\t\t\t\t<div class=\"elementor-widget-container\">\n\t\t\t\t\t\t\t\t\t<p>disponible en 24, 20, 14, <strong>10 mm :<\/strong><\/p><p><strong>Utilisation :\u00a0<\/strong>Tous types de p\u00eaches<\/p><p><strong>prix \u00e0 partir de :\u00a0 &#8230; <\/strong>\u20ac voir <a href=\"http:\/\/www2.fhbaits.com\/index.php\/tarifs-2\/\">tarif<\/a>.\u00a0<\/p>\t\t\t\t\t\t\t\t<\/div>\n\t\t\t\t<\/div>\n\t\t\t\t\t<\/div>\n\t\t\t\t<\/div>\n\t\t<div class=\"elementor-element elementor-element-e1129d5 e-grid e-con-boxed e-con e-parent\" data-id=\"e1129d5\" data-element_type=\"container\" data-e-type=\"container\">\n\t\t\t\t\t<div class=\"e-con-inner\">\n\t\t\t\t<div class=\"elementor-element elementor-element-35ab4fc elementor-widget elementor-widget-spacer\" data-id=\"35ab4fc\" data-element_type=\"widget\" data-e-type=\"widget\" data-widget_type=\"spacer.default\">\n\t\t\t\t<div class=\"elementor-widget-container\">\n\t\t\t\t\t\t\t<div class=\"elementor-spacer\">\n\t\t\t<div class=\"elementor-spacer-inner\"><\/div>\n\t\t<\/div>\n\t\t\t\t\t\t<\/div>\n\t\t\t\t<\/div>\n\t\t\t\t<div class=\"elementor-element elementor-element-222df1e elementor-widget elementor-widget-text-editor\" data-id=\"222df1e\" data-element_type=\"widget\" data-e-type=\"widget\" data-widget_type=\"text-editor.default\">\n\t\t\t\t<div class=\"elementor-widget-container\">\n\t\t\t\t\t\t\t\t\t<p>Lorem ipsum dolor sit amet, consectetur adipiscing elit. Ut elit tellus, luctus nec ullamcorper mattis, pulvinar dapibus leo.<\/p>\t\t\t\t\t\t\t\t<\/div>\n\t\t\t\t<\/div>\n\t\t\t\t\t<\/div>\n\t\t\t\t<\/div>\n\t\t\t\t<\/div>\n\t\t","protected":false},"excerpt":{"rendered":"<p>Une r\u00e9f\u00e9rence de la gamme depuis le d\u00e9but de la soci\u00e9t\u00e9, une bouillette sur une base cr\u00e9meuse qui a fait ses preuves partout. disponible en &hellip;<\/p>\n","protected":false},"author":1,"featured_media":0,"parent":0,"menu_order":0,"comment_status":"closed","ping_status":"closed","template":"","meta":{"footnotes":""},"class_list":["post-226","page","type-page","status-publish","hentry"],"yoast_head":"<!-- This site is optimized with the Yoast SEO plugin v27.6 - https:\/\/yoast.com\/product\/yoast-seo-wordpress\/ -->\n<title>Barbe \u00e0 Papa - FH Baits<\/title>\n<meta name=\"robots\" content=\"index, follow, max-snippet:-1, max-image-preview:large, max-video-preview:-1\" \/>\n<link rel=\"canonical\" href=\"http:\/\/www.fhbaits.fr\/index.php\/barbe-a-papa\/\" \/>\n<meta property=\"og:locale\" content=\"fr_FR\" \/>\n<meta property=\"og:type\" content=\"article\" \/>\n<meta property=\"og:title\" content=\"Barbe \u00e0 Papa - FH Baits\" \/>\n<meta property=\"og:description\" content=\"Une r\u00e9f\u00e9rence de la gamme depuis le d\u00e9but de la soci\u00e9t\u00e9, une bouillette sur une base cr\u00e9meuse qui a fait ses preuves partout. disponible en &hellip;\" \/>\n<meta property=\"og:url\" content=\"http:\/\/www.fhbaits.fr\/index.php\/barbe-a-papa\/\" \/>\n<meta property=\"og:site_name\" content=\"FH Baits\" \/>\n<meta property=\"article:publisher\" content=\"https:\/\/www.facebook.com\/p\/Fhbaits-100069343946951\/?locale=fr_FR\" \/>\n<meta property=\"article:modified_time\" content=\"2024-12-02T11:27:28+00:00\" \/>\n<meta property=\"og:image\" content=\"http:\/\/www2.fhbaits.com\/wp-content\/uploads\/2024\/09\/bap-1024x683.jpg\" \/>\n<meta name=\"twitter:card\" content=\"summary_large_image\" \/>\n<meta name=\"twitter:label1\" content=\"Dur\u00e9e de lecture estim\u00e9e\" \/>\n\t<meta name=\"twitter:data1\" content=\"1 minute\" \/>\n<script type=\"application\/ld+json\" class=\"yoast-schema-graph\">{\"@context\":\"https:\\\/\\\/schema.org\",\"@graph\":[{\"@type\":\"WebPage\",\"@id\":\"http:\\\/\\\/www.fhbaits.fr\\\/index.php\\\/barbe-a-papa\\\/\",\"url\":\"http:\\\/\\\/www.fhbaits.fr\\\/index.php\\\/barbe-a-papa\\\/\",\"name\":\"Barbe \u00e0 Papa - FH Baits\",\"isPartOf\":{\"@id\":\"https:\\\/\\\/www.fhbaits.fr\\\/#website\"},\"primaryImageOfPage\":{\"@id\":\"http:\\\/\\\/www.fhbaits.fr\\\/index.php\\\/barbe-a-papa\\\/#primaryimage\"},\"image\":{\"@id\":\"http:\\\/\\\/www.fhbaits.fr\\\/index.php\\\/barbe-a-papa\\\/#primaryimage\"},\"thumbnailUrl\":\"http:\\\/\\\/www2.fhbaits.com\\\/wp-content\\\/uploads\\\/2024\\\/09\\\/bap-1024x683.jpg\",\"datePublished\":\"2024-09-06T21:59:50+00:00\",\"dateModified\":\"2024-12-02T11:27:28+00:00\",\"breadcrumb\":{\"@id\":\"http:\\\/\\\/www.fhbaits.fr\\\/index.php\\\/barbe-a-papa\\\/#breadcrumb\"},\"inLanguage\":\"fr-FR\",\"potentialAction\":[{\"@type\":\"ReadAction\",\"target\":[\"http:\\\/\\\/www.fhbaits.fr\\\/index.php\\\/barbe-a-papa\\\/\"]}]},{\"@type\":\"ImageObject\",\"inLanguage\":\"fr-FR\",\"@id\":\"http:\\\/\\\/www.fhbaits.fr\\\/index.php\\\/barbe-a-papa\\\/#primaryimage\",\"url\":\"http:\\\/\\\/www2.fhbaits.com\\\/wp-content\\\/uploads\\\/2024\\\/09\\\/bap-1024x683.jpg\",\"contentUrl\":\"http:\\\/\\\/www2.fhbaits.com\\\/wp-content\\\/uploads\\\/2024\\\/09\\\/bap-1024x683.jpg\"},{\"@type\":\"BreadcrumbList\",\"@id\":\"http:\\\/\\\/www.fhbaits.fr\\\/index.php\\\/barbe-a-papa\\\/#breadcrumb\",\"itemListElement\":[{\"@type\":\"ListItem\",\"position\":1,\"name\":\"Accueil\",\"item\":\"https:\\\/\\\/www.fhbaits.fr\\\/\"},{\"@type\":\"ListItem\",\"position\":2,\"name\":\"Barbe \u00e0 Papa\"}]},{\"@type\":\"WebSite\",\"@id\":\"https:\\\/\\\/www.fhbaits.fr\\\/#website\",\"url\":\"https:\\\/\\\/www.fhbaits.fr\\\/\",\"name\":\"FH Baits\",\"description\":\"Ventes de bouillettes fra\u00eeches par correspondance\",\"publisher\":{\"@id\":\"https:\\\/\\\/www.fhbaits.fr\\\/#organization\"},\"potentialAction\":[{\"@type\":\"SearchAction\",\"target\":{\"@type\":\"EntryPoint\",\"urlTemplate\":\"https:\\\/\\\/www.fhbaits.fr\\\/?s={search_term_string}\"},\"query-input\":{\"@type\":\"PropertyValueSpecification\",\"valueRequired\":true,\"valueName\":\"search_term_string\"}}],\"inLanguage\":\"fr-FR\"},{\"@type\":\"Organization\",\"@id\":\"https:\\\/\\\/www.fhbaits.fr\\\/#organization\",\"name\":\"FH Baits\",\"url\":\"https:\\\/\\\/www.fhbaits.fr\\\/\",\"logo\":{\"@type\":\"ImageObject\",\"inLanguage\":\"fr-FR\",\"@id\":\"https:\\\/\\\/www.fhbaits.fr\\\/#\\\/schema\\\/logo\\\/image\\\/\",\"url\":\"http:\\\/\\\/www.fhbaits.fr\\\/wp-content\\\/uploads\\\/2024\\\/09\\\/cropped-FHBaits.png\",\"contentUrl\":\"http:\\\/\\\/www.fhbaits.fr\\\/wp-content\\\/uploads\\\/2024\\\/09\\\/cropped-FHBaits.png\",\"width\":90,\"height\":90,\"caption\":\"FH Baits\"},\"image\":{\"@id\":\"https:\\\/\\\/www.fhbaits.fr\\\/#\\\/schema\\\/logo\\\/image\\\/\"},\"sameAs\":[\"https:\\\/\\\/www.facebook.com\\\/p\\\/Fhbaits-100069343946951\\\/?locale=fr_FR\"]}]}<\/script>\n<!-- \/ Yoast SEO plugin. -->","yoast_head_json":{"title":"Barbe \u00e0 Papa - FH Baits","robots":{"index":"index","follow":"follow","max-snippet":"max-snippet:-1","max-image-preview":"max-image-preview:large","max-video-preview":"max-video-preview:-1"},"canonical":"http:\/\/www.fhbaits.fr\/index.php\/barbe-a-papa\/","og_locale":"fr_FR","og_type":"article","og_title":"Barbe \u00e0 Papa - FH Baits","og_description":"Une r\u00e9f\u00e9rence de la gamme depuis le d\u00e9but de la soci\u00e9t\u00e9, une bouillette sur une base cr\u00e9meuse qui a fait ses preuves partout. disponible en &hellip;","og_url":"http:\/\/www.fhbaits.fr\/index.php\/barbe-a-papa\/","og_site_name":"FH Baits","article_publisher":"https:\/\/www.facebook.com\/p\/Fhbaits-100069343946951\/?locale=fr_FR","article_modified_time":"2024-12-02T11:27:28+00:00","og_image":[{"url":"http:\/\/www2.fhbaits.com\/wp-content\/uploads\/2024\/09\/bap-1024x683.jpg","type":"","width":"","height":""}],"twitter_card":"summary_large_image","twitter_misc":{"Dur\u00e9e de lecture estim\u00e9e":"1 minute"},"schema":{"@context":"https:\/\/schema.org","@graph":[{"@type":"WebPage","@id":"http:\/\/www.fhbaits.fr\/index.php\/barbe-a-papa\/","url":"http:\/\/www.fhbaits.fr\/index.php\/barbe-a-papa\/","name":"Barbe \u00e0 Papa - FH Baits","isPartOf":{"@id":"https:\/\/www.fhbaits.fr\/#website"},"primaryImageOfPage":{"@id":"http:\/\/www.fhbaits.fr\/index.php\/barbe-a-papa\/#primaryimage"},"image":{"@id":"http:\/\/www.fhbaits.fr\/index.php\/barbe-a-papa\/#primaryimage"},"thumbnailUrl":"http:\/\/www2.fhbaits.com\/wp-content\/uploads\/2024\/09\/bap-1024x683.jpg","datePublished":"2024-09-06T21:59:50+00:00","dateModified":"2024-12-02T11:27:28+00:00","breadcrumb":{"@id":"http:\/\/www.fhbaits.fr\/index.php\/barbe-a-papa\/#breadcrumb"},"inLanguage":"fr-FR","potentialAction":[{"@type":"ReadAction","target":["http:\/\/www.fhbaits.fr\/index.php\/barbe-a-papa\/"]}]},{"@type":"ImageObject","inLanguage":"fr-FR","@id":"http:\/\/www.fhbaits.fr\/index.php\/barbe-a-papa\/#primaryimage","url":"http:\/\/www2.fhbaits.com\/wp-content\/uploads\/2024\/09\/bap-1024x683.jpg","contentUrl":"http:\/\/www2.fhbaits.com\/wp-content\/uploads\/2024\/09\/bap-1024x683.jpg"},{"@type":"BreadcrumbList","@id":"http:\/\/www.fhbaits.fr\/index.php\/barbe-a-papa\/#breadcrumb","itemListElement":[{"@type":"ListItem","position":1,"name":"Accueil","item":"https:\/\/www.fhbaits.fr\/"},{"@type":"ListItem","position":2,"name":"Barbe \u00e0 Papa"}]},{"@type":"WebSite","@id":"https:\/\/www.fhbaits.fr\/#website","url":"https:\/\/www.fhbaits.fr\/","name":"FH Baits","description":"Ventes de bouillettes fra\u00eeches par correspondance","publisher":{"@id":"https:\/\/www.fhbaits.fr\/#organization"},"potentialAction":[{"@type":"SearchAction","target":{"@type":"EntryPoint","urlTemplate":"https:\/\/www.fhbaits.fr\/?s={search_term_string}"},"query-input":{"@type":"PropertyValueSpecification","valueRequired":true,"valueName":"search_term_string"}}],"inLanguage":"fr-FR"},{"@type":"Organization","@id":"https:\/\/www.fhbaits.fr\/#organization","name":"FH Baits","url":"https:\/\/www.fhbaits.fr\/","logo":{"@type":"ImageObject","inLanguage":"fr-FR","@id":"https:\/\/www.fhbaits.fr\/#\/schema\/logo\/image\/","url":"http:\/\/www.fhbaits.fr\/wp-content\/uploads\/2024\/09\/cropped-FHBaits.png","contentUrl":"http:\/\/www.fhbaits.fr\/wp-content\/uploads\/2024\/09\/cropped-FHBaits.png","width":90,"height":90,"caption":"FH Baits"},"image":{"@id":"https:\/\/www.fhbaits.fr\/#\/schema\/logo\/image\/"},"sameAs":["https:\/\/www.facebook.com\/p\/Fhbaits-100069343946951\/?locale=fr_FR"]}]}},"_links":{"self":[{"href":"http:\/\/www.fhbaits.fr\/index.php\/wp-json\/wp\/v2\/pages\/226","targetHints":{"allow":["GET"]}}],"collection":[{"href":"http:\/\/www.fhbaits.fr\/index.php\/wp-json\/wp\/v2\/pages"}],"about":[{"href":"http:\/\/www.fhbaits.fr\/index.php\/wp-json\/wp\/v2\/types\/page"}],"author":[{"embeddable":true,"href":"http:\/\/www.fhbaits.fr\/index.php\/wp-json\/wp\/v2\/users\/1"}],"replies":[{"embeddable":true,"href":"http:\/\/www.fhbaits.fr\/index.php\/wp-json\/wp\/v2\/comments?post=226"}],"version-history":[{"count":7,"href":"http:\/\/www.fhbaits.fr\/index.php\/wp-json\/wp\/v2\/pages\/226\/revisions"}],"predecessor-version":[{"id":465,"href":"http:\/\/www.fhbaits.fr\/index.php\/wp-json\/wp\/v2\/pages\/226\/revisions\/465"}],"wp:attachment":[{"href":"http:\/\/www.fhbaits.fr\/index.php\/wp-json\/wp\/v2\/media?parent=226"}],"curies":[{"name":"wp","href":"https:\/\/api.w.org\/{rel}","templated":true}]}}