{"id":133,"date":"2024-09-06T15:43:00","date_gmt":"2024-09-06T13:43:00","guid":{"rendered":"http:\/\/www2.fhbaits.com\/?page_id=133"},"modified":"2024-09-09T22:06:27","modified_gmt":"2024-09-09T20:06:27","slug":"n-c-s","status":"publish","type":"page","link":"http:\/\/www.fhbaits.fr\/index.php\/n-c-s\/","title":{"rendered":"N.C.S"},"content":{"rendered":"\t\t<div data-elementor-type=\"wp-page\" data-elementor-id=\"133\" class=\"elementor elementor-133\">\n\t\t\t\t<div class=\"elementor-element elementor-element-0ff7b44 e-grid e-con-boxed e-con e-parent\" data-id=\"0ff7b44\" data-element_type=\"container\" data-e-type=\"container\">\n\t\t\t\t\t<div class=\"e-con-inner\">\n\t\t\t\t<div class=\"elementor-element elementor-element-d47e39e elementor-widget elementor-widget-heading\" data-id=\"d47e39e\" data-element_type=\"widget\" data-e-type=\"widget\" data-widget_type=\"heading.default\">\n\t\t\t\t<div class=\"elementor-widget-container\">\n\t\t\t\t\t<h2 class=\"elementor-heading-title elementor-size-default\">N.C.S<\/h2>\t\t\t\t<\/div>\n\t\t\t\t<\/div>\n\t\t\t\t\t<\/div>\n\t\t\t\t<\/div>\n\t\t<div class=\"elementor-element elementor-element-b8a2143 e-grid e-con-boxed e-con e-parent\" data-id=\"b8a2143\" data-element_type=\"container\" data-e-type=\"container\">\n\t\t\t\t\t<div class=\"e-con-inner\">\n\t\t\t\t<div class=\"elementor-element elementor-element-2cc13c2 elementor-widget elementor-widget-spacer\" data-id=\"2cc13c2\" data-element_type=\"widget\" data-e-type=\"widget\" data-widget_type=\"spacer.default\">\n\t\t\t\t<div class=\"elementor-widget-container\">\n\t\t\t\t\t\t\t<div class=\"elementor-spacer\">\n\t\t\t<div class=\"elementor-spacer-inner\"><\/div>\n\t\t<\/div>\n\t\t\t\t\t\t<\/div>\n\t\t\t\t<\/div>\n\t\t\t\t<div class=\"elementor-element elementor-element-bdfa603 elementor-widget elementor-widget-text-editor\" data-id=\"bdfa603\" data-element_type=\"widget\" data-e-type=\"widget\" data-widget_type=\"text-editor.default\">\n\t\t\t\t<div class=\"elementor-widget-container\">\n\t\t\t\t\t\t\t\t\t<p>Une bouilette caramel \/ nougat avec un mix tr\u00e8s sucr\u00e9.<\/p>\t\t\t\t\t\t\t\t<\/div>\n\t\t\t\t<\/div>\n\t\t\t\t<div class=\"elementor-element elementor-element-266bab0 elementor-widget elementor-widget-spacer\" data-id=\"266bab0\" data-element_type=\"widget\" data-e-type=\"widget\" data-widget_type=\"spacer.default\">\n\t\t\t\t<div class=\"elementor-widget-container\">\n\t\t\t\t\t\t\t<div class=\"elementor-spacer\">\n\t\t\t<div class=\"elementor-spacer-inner\"><\/div>\n\t\t<\/div>\n\t\t\t\t\t\t<\/div>\n\t\t\t\t<\/div>\n\t\t\t\t<div class=\"elementor-element elementor-element-0d5204d elementor-widget elementor-widget-spacer\" data-id=\"0d5204d\" data-element_type=\"widget\" data-e-type=\"widget\" data-widget_type=\"spacer.default\">\n\t\t\t\t<div class=\"elementor-widget-container\">\n\t\t\t\t\t\t\t<div class=\"elementor-spacer\">\n\t\t\t<div class=\"elementor-spacer-inner\"><\/div>\n\t\t<\/div>\n\t\t\t\t\t\t<\/div>\n\t\t\t\t<\/div>\n\t\t\t\t<div class=\"elementor-element elementor-element-31c4c56 elementor-widget elementor-widget-image\" data-id=\"31c4c56\" data-element_type=\"widget\" data-e-type=\"widget\" data-widget_type=\"image.default\">\n\t\t\t\t<div class=\"elementor-widget-container\">\n\t\t\t\t\t\t\t\t\t\t\t\t\t\t\t<img fetchpriority=\"high\" decoding=\"async\" width=\"1024\" height=\"683\" src=\"http:\/\/www.fhbaits.fr\/wp-content\/uploads\/2024\/09\/ncs-1024x683.jpg\" class=\"attachment-large size-large wp-image-358\" alt=\"Bouillettes-fraiches appat-carpe-NCS\" srcset=\"http:\/\/www.fhbaits.fr\/wp-content\/uploads\/2024\/09\/ncs-1024x683.jpg 1024w, http:\/\/www.fhbaits.fr\/wp-content\/uploads\/2024\/09\/ncs-300x200.jpg 300w, http:\/\/www.fhbaits.fr\/wp-content\/uploads\/2024\/09\/ncs-768x512.jpg 768w, http:\/\/www.fhbaits.fr\/wp-content\/uploads\/2024\/09\/ncs-1536x1024.jpg 1536w, http:\/\/www.fhbaits.fr\/wp-content\/uploads\/2024\/09\/ncs-2048x1365.jpg 2048w, http:\/\/www.fhbaits.fr\/wp-content\/uploads\/2024\/09\/ncs-315x210.jpg 315w\" sizes=\"(max-width: 1024px) 100vw, 1024px\" \/>\t\t\t\t\t\t\t\t\t\t\t\t\t\t\t<\/div>\n\t\t\t\t<\/div>\n\t\t\t\t<div class=\"elementor-element elementor-element-9acfc01 elementor-widget elementor-widget-text-editor\" data-id=\"9acfc01\" data-element_type=\"widget\" data-e-type=\"widget\" data-widget_type=\"text-editor.default\">\n\t\t\t\t<div class=\"elementor-widget-container\">\n\t\t\t\t\t\t\t\t\t<p>disponible en 20 <strong>mm :<\/strong><\/p><p><strong>Utilisation:\u00a0<\/strong>Id\u00e9al pour les p\u00eaches rapides et les enduros\u00a0<\/p><p><strong>Prix \u00e0 partir de : &#8230; <\/strong>\u20ac voir <a href=\"http:\/\/www2.fhbaits.com\/index.php\/tarifs-2\/\">tarif<\/a>.<\/p>\t\t\t\t\t\t\t\t<\/div>\n\t\t\t\t<\/div>\n\t\t\t\t\t<\/div>\n\t\t\t\t<\/div>\n\t\t<div class=\"elementor-element elementor-element-f375bb8 e-grid e-con-boxed e-con e-parent\" data-id=\"f375bb8\" data-element_type=\"container\" data-e-type=\"container\">\n\t\t\t\t\t<div class=\"e-con-inner\">\n\t\t\t\t<div class=\"elementor-element elementor-element-6f39ccc elementor-widget elementor-widget-spacer\" data-id=\"6f39ccc\" data-element_type=\"widget\" data-e-type=\"widget\" data-widget_type=\"spacer.default\">\n\t\t\t\t<div class=\"elementor-widget-container\">\n\t\t\t\t\t\t\t<div class=\"elementor-spacer\">\n\t\t\t<div class=\"elementor-spacer-inner\"><\/div>\n\t\t<\/div>\n\t\t\t\t\t\t<\/div>\n\t\t\t\t<\/div>\n\t\t\t\t<div class=\"elementor-element elementor-element-2093668 elementor-widget elementor-widget-text-editor\" data-id=\"2093668\" data-element_type=\"widget\" data-e-type=\"widget\" data-widget_type=\"text-editor.default\">\n\t\t\t\t<div class=\"elementor-widget-container\">\n\t\t\t\t\t\t\t\t\t<p>Tags: \u00a0\u00a0Appats Carpe \u00a0 Bouillette \u00a0 Bouillette Fraiche \u00a0 Bouillettes\u00a0 \u00a0Ncs<\/p>\t\t\t\t\t\t\t\t<\/div>\n\t\t\t\t<\/div>\n\t\t\t\t\t<\/div>\n\t\t\t\t<\/div>\n\t\t\t\t<\/div>\n\t\t","protected":false},"excerpt":{"rendered":"<p>N.C.S Une bouilette caramel \/ nougat avec un mix tr\u00e8s sucr\u00e9. disponible en 20 mm : Utilisation:\u00a0Id\u00e9al pour les p\u00eaches rapides et les enduros\u00a0 Prix &hellip;<\/p>\n","protected":false},"author":1,"featured_media":358,"parent":0,"menu_order":0,"comment_status":"closed","ping_status":"closed","template":"","meta":{"footnotes":""},"class_list":["post-133","page","type-page","status-publish","has-post-thumbnail","hentry"],"yoast_head":"<!-- This site is optimized with the Yoast SEO plugin v27.5 - https:\/\/yoast.com\/product\/yoast-seo-wordpress\/ -->\n<title>Bouillette fraiche N.C.S - FH Baits<\/title>\n<meta name=\"description\" content=\"C&#039;est la bouillette tr\u00e8s sucr\u00e9e qui manquait \u00e0 la gamme. Sont odeur de caramel marche aussi bien en p\u00eache rapide et en amor\u00e7age prolong\u00e9.\" \/>\n<meta name=\"robots\" content=\"index, follow, max-snippet:-1, max-image-preview:large, max-video-preview:-1\" \/>\n<link rel=\"canonical\" href=\"https:\/\/www.fhbaits.fr\/index.php\/n-c-s\/\" \/>\n<meta property=\"og:locale\" content=\"fr_FR\" \/>\n<meta property=\"og:type\" content=\"article\" \/>\n<meta property=\"og:title\" content=\"Bouillette fraiche N.C.S - FH Baits\" \/>\n<meta property=\"og:description\" content=\"C&#039;est la bouillette tr\u00e8s sucr\u00e9e qui manquait \u00e0 la gamme. Sont odeur de caramel marche aussi bien en p\u00eache rapide et en amor\u00e7age prolong\u00e9.\" \/>\n<meta property=\"og:url\" content=\"https:\/\/www.fhbaits.fr\/index.php\/n-c-s\/\" \/>\n<meta property=\"og:site_name\" content=\"FH Baits\" \/>\n<meta property=\"article:publisher\" content=\"https:\/\/www.facebook.com\/p\/Fhbaits-100069343946951\/?locale=fr_FR\" \/>\n<meta property=\"article:modified_time\" content=\"2024-09-09T20:06:27+00:00\" \/>\n<meta property=\"og:image\" content=\"https:\/\/www.fhbaits.fr\/wp-content\/uploads\/2024\/09\/ncs-scaled.jpg\" \/>\n\t<meta property=\"og:image:width\" content=\"2560\" \/>\n\t<meta property=\"og:image:height\" content=\"1707\" \/>\n\t<meta property=\"og:image:type\" content=\"image\/jpeg\" \/>\n<meta name=\"twitter:card\" content=\"summary_large_image\" \/>\n<meta name=\"twitter:label1\" content=\"Dur\u00e9e de lecture estim\u00e9e\" \/>\n\t<meta name=\"twitter:data1\" content=\"1 minute\" \/>\n<script type=\"application\/ld+json\" class=\"yoast-schema-graph\">{\"@context\":\"https:\\\/\\\/schema.org\",\"@graph\":[{\"@type\":\"WebPage\",\"@id\":\"https:\\\/\\\/www.fhbaits.fr\\\/index.php\\\/n-c-s\\\/\",\"url\":\"https:\\\/\\\/www.fhbaits.fr\\\/index.php\\\/n-c-s\\\/\",\"name\":\"Bouillette fraiche N.C.S - FH Baits\",\"isPartOf\":{\"@id\":\"http:\\\/\\\/www.fhbaits.fr\\\/#website\"},\"primaryImageOfPage\":{\"@id\":\"https:\\\/\\\/www.fhbaits.fr\\\/index.php\\\/n-c-s\\\/#primaryimage\"},\"image\":{\"@id\":\"https:\\\/\\\/www.fhbaits.fr\\\/index.php\\\/n-c-s\\\/#primaryimage\"},\"thumbnailUrl\":\"http:\\\/\\\/www.fhbaits.fr\\\/wp-content\\\/uploads\\\/2024\\\/09\\\/ncs-scaled.jpg\",\"datePublished\":\"2024-09-06T13:43:00+00:00\",\"dateModified\":\"2024-09-09T20:06:27+00:00\",\"description\":\"C'est la bouillette tr\u00e8s sucr\u00e9e qui manquait \u00e0 la gamme. Sont odeur de caramel marche aussi bien en p\u00eache rapide et en amor\u00e7age prolong\u00e9.\",\"breadcrumb\":{\"@id\":\"https:\\\/\\\/www.fhbaits.fr\\\/index.php\\\/n-c-s\\\/#breadcrumb\"},\"inLanguage\":\"fr-FR\",\"potentialAction\":[{\"@type\":\"ReadAction\",\"target\":[\"https:\\\/\\\/www.fhbaits.fr\\\/index.php\\\/n-c-s\\\/\"]}]},{\"@type\":\"ImageObject\",\"inLanguage\":\"fr-FR\",\"@id\":\"https:\\\/\\\/www.fhbaits.fr\\\/index.php\\\/n-c-s\\\/#primaryimage\",\"url\":\"http:\\\/\\\/www.fhbaits.fr\\\/wp-content\\\/uploads\\\/2024\\\/09\\\/ncs-scaled.jpg\",\"contentUrl\":\"http:\\\/\\\/www.fhbaits.fr\\\/wp-content\\\/uploads\\\/2024\\\/09\\\/ncs-scaled.jpg\",\"width\":2560,\"height\":1707,\"caption\":\"Bouillettes-fraiches appat-carpe-NCS\"},{\"@type\":\"BreadcrumbList\",\"@id\":\"https:\\\/\\\/www.fhbaits.fr\\\/index.php\\\/n-c-s\\\/#breadcrumb\",\"itemListElement\":[{\"@type\":\"ListItem\",\"position\":1,\"name\":\"Accueil\",\"item\":\"https:\\\/\\\/www.fhbaits.fr\\\/\"},{\"@type\":\"ListItem\",\"position\":2,\"name\":\"N.C.S\"}]},{\"@type\":\"WebSite\",\"@id\":\"http:\\\/\\\/www.fhbaits.fr\\\/#website\",\"url\":\"http:\\\/\\\/www.fhbaits.fr\\\/\",\"name\":\"FH Baits\",\"description\":\"Ventes de bouillettes fra\u00eeches par correspondance\",\"publisher\":{\"@id\":\"http:\\\/\\\/www.fhbaits.fr\\\/#organization\"},\"potentialAction\":[{\"@type\":\"SearchAction\",\"target\":{\"@type\":\"EntryPoint\",\"urlTemplate\":\"http:\\\/\\\/www.fhbaits.fr\\\/?s={search_term_string}\"},\"query-input\":{\"@type\":\"PropertyValueSpecification\",\"valueRequired\":true,\"valueName\":\"search_term_string\"}}],\"inLanguage\":\"fr-FR\"},{\"@type\":\"Organization\",\"@id\":\"http:\\\/\\\/www.fhbaits.fr\\\/#organization\",\"name\":\"FH Baits\",\"url\":\"http:\\\/\\\/www.fhbaits.fr\\\/\",\"logo\":{\"@type\":\"ImageObject\",\"inLanguage\":\"fr-FR\",\"@id\":\"http:\\\/\\\/www.fhbaits.fr\\\/#\\\/schema\\\/logo\\\/image\\\/\",\"url\":\"http:\\\/\\\/www.fhbaits.fr\\\/wp-content\\\/uploads\\\/2024\\\/09\\\/cropped-FHBaits.png\",\"contentUrl\":\"http:\\\/\\\/www.fhbaits.fr\\\/wp-content\\\/uploads\\\/2024\\\/09\\\/cropped-FHBaits.png\",\"width\":90,\"height\":90,\"caption\":\"FH Baits\"},\"image\":{\"@id\":\"http:\\\/\\\/www.fhbaits.fr\\\/#\\\/schema\\\/logo\\\/image\\\/\"},\"sameAs\":[\"https:\\\/\\\/www.facebook.com\\\/p\\\/Fhbaits-100069343946951\\\/?locale=fr_FR\"]}]}<\/script>\n<!-- \/ Yoast SEO plugin. -->","yoast_head_json":{"title":"Bouillette fraiche N.C.S - FH Baits","description":"C'est la bouillette tr\u00e8s sucr\u00e9e qui manquait \u00e0 la gamme. Sont odeur de caramel marche aussi bien en p\u00eache rapide et en amor\u00e7age prolong\u00e9.","robots":{"index":"index","follow":"follow","max-snippet":"max-snippet:-1","max-image-preview":"max-image-preview:large","max-video-preview":"max-video-preview:-1"},"canonical":"https:\/\/www.fhbaits.fr\/index.php\/n-c-s\/","og_locale":"fr_FR","og_type":"article","og_title":"Bouillette fraiche N.C.S - FH Baits","og_description":"C'est la bouillette tr\u00e8s sucr\u00e9e qui manquait \u00e0 la gamme. Sont odeur de caramel marche aussi bien en p\u00eache rapide et en amor\u00e7age prolong\u00e9.","og_url":"https:\/\/www.fhbaits.fr\/index.php\/n-c-s\/","og_site_name":"FH Baits","article_publisher":"https:\/\/www.facebook.com\/p\/Fhbaits-100069343946951\/?locale=fr_FR","article_modified_time":"2024-09-09T20:06:27+00:00","og_image":[{"width":2560,"height":1707,"url":"https:\/\/www.fhbaits.fr\/wp-content\/uploads\/2024\/09\/ncs-scaled.jpg","type":"image\/jpeg"}],"twitter_card":"summary_large_image","twitter_misc":{"Dur\u00e9e de lecture estim\u00e9e":"1 minute"},"schema":{"@context":"https:\/\/schema.org","@graph":[{"@type":"WebPage","@id":"https:\/\/www.fhbaits.fr\/index.php\/n-c-s\/","url":"https:\/\/www.fhbaits.fr\/index.php\/n-c-s\/","name":"Bouillette fraiche N.C.S - FH Baits","isPartOf":{"@id":"http:\/\/www.fhbaits.fr\/#website"},"primaryImageOfPage":{"@id":"https:\/\/www.fhbaits.fr\/index.php\/n-c-s\/#primaryimage"},"image":{"@id":"https:\/\/www.fhbaits.fr\/index.php\/n-c-s\/#primaryimage"},"thumbnailUrl":"http:\/\/www.fhbaits.fr\/wp-content\/uploads\/2024\/09\/ncs-scaled.jpg","datePublished":"2024-09-06T13:43:00+00:00","dateModified":"2024-09-09T20:06:27+00:00","description":"C'est la bouillette tr\u00e8s sucr\u00e9e qui manquait \u00e0 la gamme. Sont odeur de caramel marche aussi bien en p\u00eache rapide et en amor\u00e7age prolong\u00e9.","breadcrumb":{"@id":"https:\/\/www.fhbaits.fr\/index.php\/n-c-s\/#breadcrumb"},"inLanguage":"fr-FR","potentialAction":[{"@type":"ReadAction","target":["https:\/\/www.fhbaits.fr\/index.php\/n-c-s\/"]}]},{"@type":"ImageObject","inLanguage":"fr-FR","@id":"https:\/\/www.fhbaits.fr\/index.php\/n-c-s\/#primaryimage","url":"http:\/\/www.fhbaits.fr\/wp-content\/uploads\/2024\/09\/ncs-scaled.jpg","contentUrl":"http:\/\/www.fhbaits.fr\/wp-content\/uploads\/2024\/09\/ncs-scaled.jpg","width":2560,"height":1707,"caption":"Bouillettes-fraiches appat-carpe-NCS"},{"@type":"BreadcrumbList","@id":"https:\/\/www.fhbaits.fr\/index.php\/n-c-s\/#breadcrumb","itemListElement":[{"@type":"ListItem","position":1,"name":"Accueil","item":"https:\/\/www.fhbaits.fr\/"},{"@type":"ListItem","position":2,"name":"N.C.S"}]},{"@type":"WebSite","@id":"http:\/\/www.fhbaits.fr\/#website","url":"http:\/\/www.fhbaits.fr\/","name":"FH Baits","description":"Ventes de bouillettes fra\u00eeches par correspondance","publisher":{"@id":"http:\/\/www.fhbaits.fr\/#organization"},"potentialAction":[{"@type":"SearchAction","target":{"@type":"EntryPoint","urlTemplate":"http:\/\/www.fhbaits.fr\/?s={search_term_string}"},"query-input":{"@type":"PropertyValueSpecification","valueRequired":true,"valueName":"search_term_string"}}],"inLanguage":"fr-FR"},{"@type":"Organization","@id":"http:\/\/www.fhbaits.fr\/#organization","name":"FH Baits","url":"http:\/\/www.fhbaits.fr\/","logo":{"@type":"ImageObject","inLanguage":"fr-FR","@id":"http:\/\/www.fhbaits.fr\/#\/schema\/logo\/image\/","url":"http:\/\/www.fhbaits.fr\/wp-content\/uploads\/2024\/09\/cropped-FHBaits.png","contentUrl":"http:\/\/www.fhbaits.fr\/wp-content\/uploads\/2024\/09\/cropped-FHBaits.png","width":90,"height":90,"caption":"FH Baits"},"image":{"@id":"http:\/\/www.fhbaits.fr\/#\/schema\/logo\/image\/"},"sameAs":["https:\/\/www.facebook.com\/p\/Fhbaits-100069343946951\/?locale=fr_FR"]}]}},"_links":{"self":[{"href":"http:\/\/www.fhbaits.fr\/index.php\/wp-json\/wp\/v2\/pages\/133","targetHints":{"allow":["GET"]}}],"collection":[{"href":"http:\/\/www.fhbaits.fr\/index.php\/wp-json\/wp\/v2\/pages"}],"about":[{"href":"http:\/\/www.fhbaits.fr\/index.php\/wp-json\/wp\/v2\/types\/page"}],"author":[{"embeddable":true,"href":"http:\/\/www.fhbaits.fr\/index.php\/wp-json\/wp\/v2\/users\/1"}],"replies":[{"embeddable":true,"href":"http:\/\/www.fhbaits.fr\/index.php\/wp-json\/wp\/v2\/comments?post=133"}],"version-history":[{"count":40,"href":"http:\/\/www.fhbaits.fr\/index.php\/wp-json\/wp\/v2\/pages\/133\/revisions"}],"predecessor-version":[{"id":701,"href":"http:\/\/www.fhbaits.fr\/index.php\/wp-json\/wp\/v2\/pages\/133\/revisions\/701"}],"wp:featuredmedia":[{"embeddable":true,"href":"http:\/\/www.fhbaits.fr\/index.php\/wp-json\/wp\/v2\/media\/358"}],"wp:attachment":[{"href":"http:\/\/www.fhbaits.fr\/index.php\/wp-json\/wp\/v2\/media?parent=133"}],"curies":[{"name":"wp","href":"https:\/\/api.w.org\/{rel}","templated":true}]}}